{"id":17332,"date":"2024-08-02T08:57:15","date_gmt":"2024-08-02T13:57:15","guid":{"rendered":"https:\/\/texmexcurios.com\/altar-de-velas-personal-stop-cotilleos\/"},"modified":"2024-08-02T08:57:15","modified_gmt":"2024-08-02T13:57:15","slug":"altar-de-velas-personal-stop-cotilleos","status":"publish","type":"product","link":"https:\/\/texmexcurios.com\/es\/producto\/altar-de-velas-personal-stop-cotilleos\/","title":{"rendered":"Altar de Velas Personal Stop Cotilleos"},"content":{"rendered":"<h3>Altar de Velas Personal Stop Cotilleos<\/h3>\n<p><strong>Quemamos las siguientes velas para ti. Estas velas no se te entregan. <\/strong><\/p>\n<p>San Ram\u00f3n, Alejo, Miguel y, San Benito<\/p>\n<p>Servicio personal de Altar de Velas para detener las habladur\u00edas, acabar con las habladur\u00edas negativas y evitar que circulen las mentiras. El altar de velas tambi\u00e9n detiene las mentiras y las habladur\u00edas negativas en las redes sociales. Servicio de quema de velas para alejar a las personas negativas de tu vida y para protegerte a ti y a tu familia de las influencias negativas. Tambi\u00e9n te protege del acoso y la traici\u00f3n. Personalizamos tu servicio de altar privado para adaptarlo a tus necesidades y quemamos las velas por ti, una vela por semana. Env\u00edanos un mensaje describiendo tu situaci\u00f3n para que podamos preparar un altar de velas para ti y rezar por tu petici\u00f3n; colocamos tus intenciones debajo de tu vela y comenzamos nuestra sesi\u00f3n de oraci\u00f3n en tu nombre. Nos centraremos en detener las mentiras y cotilleos sobre ti y tu familia encendiendo 4 velas diferentes para detener los cotilleos.      <\/p>\n<h4 style=\"padding: 1em; margin-bottom: 1em; border-radius: 5px; border: 1px solid #444; overflow: auto;\"><a href=\"https:\/\/texmexcurios.com\/wp-content\/uploads\/2024\/08\/stop-gossip-week-1.jpg\"><img loading=\"lazy\" decoding=\"async\" class=\"alignleft size-thumbnail wp-image-17031\" src=\"https:\/\/texmexcurios.com\/wp-content\/uploads\/2024\/08\/stop-gossip-week-1-150x150.jpg\" alt=\"Vela personal Stop Chismes Altar semana 1 vela\" width=\"150\" height=\"150\" title=\"\"><\/a>SEMANA 1: Comenzamos el servicio de quema de velas quemando la vela de San Ram\u00f3n. San Ram\u00f3n intervendr\u00e1 y detendr\u00e1 las mentiras que circulan sobre ti o tu familia. San Ram\u00f3n calla las habladur\u00edas negativas e interviene para detener el acoso.  <\/h4>\n<h4 style=\"padding: 1em; margin-bottom: 1em; border-radius: 5px; border: 1px solid #444; overflow: auto;\"><a href=\"https:\/\/texmexcurios.com\/wp-content\/uploads\/2024\/08\/stop-gossip-week-2.jpg\"><img loading=\"lazy\" decoding=\"async\" class=\"alignleft size-thumbnail wp-image-17033\" src=\"https:\/\/texmexcurios.com\/wp-content\/uploads\/2024\/08\/stop-gossip-week-2-150x150.jpg\" alt=\"Vela personal Stop Chismes Vela del altar de la semana 2\" width=\"150\" height=\"150\" title=\"\"><\/a>SEMANA 2: La segunda vela que encendemos en tu nombre es la vela de San Alejo. &#8220;Alejo&#8221; significa (apartar) y \u00e9l intervendr\u00e1 para alejar a las personas negativas de ti y de tu familia. Aleja a compa\u00f1eros de trabajo, vecinos o personas celosas que te deseen el mal.  <\/h4>\n<h4 style=\"padding: 1em; margin-bottom: 1em; border-radius: 5px; border: 1px solid #444; overflow: auto;\"><a href=\"https:\/\/texmexcurios.com\/wp-content\/uploads\/2024\/08\/stop-gossip-week-3.jpg\"><img loading=\"lazy\" decoding=\"async\" class=\"alignleft size-thumbnail wp-image-17034\" src=\"https:\/\/texmexcurios.com\/wp-content\/uploads\/2024\/08\/stop-gossip-week-3-150x150.jpg\" alt=\"Vela Personal Stop Chismes Vela del Altar de la semana 3\" width=\"150\" height=\"150\" title=\"\"><\/a>SEMANA 3: La tercera vela que encendemos para ti es San Miguel Arc\u00e1ngel. San Miguel te defender\u00e1 en esta batalla de chismes y circunstancias negativas. Intervendr\u00e1 y te preparar\u00e1 para enfrentarte a estas fuerzas negativas.  <\/h4>\n<h4 style=\"padding: 1em; margin-bottom: 1em; border-radius: 5px; border: 1px solid #444; overflow: auto;\"><a href=\"https:\/\/texmexcurios.com\/wp-content\/uploads\/2024\/08\/stop-gossip-week-4.jpg\"><img loading=\"lazy\" decoding=\"async\" class=\"alignleft size-thumbnail wp-image-17035\" src=\"https:\/\/texmexcurios.com\/wp-content\/uploads\/2024\/08\/stop-gossip-week-4-150x150.jpg\" alt=\"Vela Personal Stop Chismes Vela del Altar semana 4\" width=\"150\" height=\"150\" title=\"\"><\/a>SEMANA 4: Concluimos tu sesi\u00f3n privada del altar de velas encendiendo la vela de San Benito. San Benito intervendr\u00e1 y apartar\u00e1 de tu vida a los familiares malvados y mezquinos. Elimina a los chismosos y a las personas envidiosas que te desean el fracaso en la vida. Elimina las traiciones.   <\/h4>\n<p>Cada semana, te enviaremos la oraci\u00f3n por mensaje de texto o correo electr\u00f3nico por si quieres participar en la sesi\u00f3n de oraci\u00f3n. Podemos trabajar juntos para luchar y abordar de frente tu problema o problemas. Todas nuestras velas son fijas y est\u00e1n aderezadas con semillas de mostaza, aceites espirituales, hierbas y cristales. Estos antiguos rituales y poderosas tradiciones se han transmitido de generaci\u00f3n en generaci\u00f3n y, en mi caso, de mi abuela a mi madre, a m\u00ed.   <\/p>\n<h5>Da un giro a tu vida con este poderoso ritual privado de altar con velas y recibe la bendici\u00f3n y la inspiraci\u00f3n de \u00c1ngeles y Santos<\/h5>\n","protected":false},"excerpt":{"rendered":"<p>ALTAR RITUAL DE VELAS PARA LA PROTECCI\u00d3N<br \/>\n&#8220;TRABAJO DE VELAS EN TU NOMBRE&#8221;<\/p>\n","protected":false},"featured_media":17037,"comment_status":"open","ping_status":"closed","template":"","meta":{"_kad_blocks_custom_css":"","_kad_blocks_head_custom_js":"","_kad_blocks_body_custom_js":"","_kad_blocks_footer_custom_js":"","_kad_post_transparent":"","_kad_post_title":"","_kad_post_layout":"","_kad_post_sidebar_id":"","_kad_post_content_style":"","_kad_post_vertical_padding":"","_kad_post_feature":"","_kad_post_feature_position":"","_kad_post_header":false,"_kad_post_footer":false,"_kad_post_classname":""},"product_brand":[],"product_cat":[3253],"product_tag":[3750,3753,3756,3754,3267,3266,3255,3261,3265,3264,3268,3167,3763,3749,3762,3760,3759],"class_list":{"0":"post-17332","1":"product","2":"type-product","3":"status-publish","4":"has-post-thumbnail","6":"product_cat-servicio-de-quema-de-velas","7":"product_tag-altar-de-velas-de-proteccion-contra-cotilleos-personales","8":"product_tag-altar-ritual-de-velas-para-acabar-con-los-cotilleos-y-las-malas-palabras","9":"product_tag-que-no-circulen-rumores-ni-malas-palabras-en-el-trabajo","10":"product_tag-ritual-con-velas-para-acabar-con-los-cotilleos","11":"product_tag-servicio-de-altar-catolico-con-velas","12":"product_tag-servicio-de-altar-con-velas","13":"product_tag-servicio-de-quema-de-velas","14":"product_tag-servicio-interno-de-quema-de-velas","15":"product_tag-servicio-ritual","16":"product_tag-servicio-ritual-de-quema-de-velas","17":"product_tag-tienda-de-velas-espirituales","18":"product_tag-vela-de-san-alejo","19":"product_tag-vela-de-san-benito","20":"product_tag-vela-de-san-miguel","21":"product_tag-vela-san-miguel","22":"product_tag-velas-de-san-raimundo","23":"product_tag-velas-san-ramon","25":"first","26":"instock","27":"virtual","28":"purchasable","29":"product-type-simple","30":"entry","31":"content-bg","32":"loop-entry"},"taxonomy_info":{"product_cat":[{"value":3253,"label":"Servicio de Quema de Velas"}],"product_tag":[{"value":3750,"label":"Altar de Velas de Protecci\u00f3n contra Cotilleos Personales"},{"value":3753,"label":"Altar ritual de velas para acabar con los cotilleos y las malas palabras"},{"value":3756,"label":"que no circulen rumores ni malas palabras en el trabajo"},{"value":3754,"label":"ritual con velas para acabar con los cotilleos"},{"value":3267,"label":"Servicio de altar cat\u00f3lico con velas"},{"value":3266,"label":"Servicio de altar con velas"},{"value":3255,"label":"Servicio de quema de velas"},{"value":3261,"label":"Servicio interno de quema de velas"},{"value":3265,"label":"Servicio ritual"},{"value":3264,"label":"Servicio ritual de quema de velas"},{"value":3268,"label":"Tienda de velas espirituales"},{"value":3167,"label":"Vela de San Alejo"},{"value":3763,"label":"Vela de San Benito"},{"value":3749,"label":"Vela de San Miguel"},{"value":3762,"label":"vela San Miguel"},{"value":3760,"label":"Velas de San Raimundo"},{"value":3759,"label":"Velas San Ram\u00f3n"}]},"featured_image_src_large":["https:\/\/texmexcurios.com\/wp-content\/uploads\/2024\/08\/Personal-Stop-Gossip-Candle-Altar.jpg",1000,1000,false],"author_info":[],"comment_info":0,"_links":{"self":[{"href":"https:\/\/texmexcurios.com\/es\/wp-json\/wp\/v2\/product\/17332","targetHints":{"allow":["GET"]}}],"collection":[{"href":"https:\/\/texmexcurios.com\/es\/wp-json\/wp\/v2\/product"}],"about":[{"href":"https:\/\/texmexcurios.com\/es\/wp-json\/wp\/v2\/types\/product"}],"replies":[{"embeddable":true,"href":"https:\/\/texmexcurios.com\/es\/wp-json\/wp\/v2\/comments?post=17332"}],"wp:featuredmedia":[{"embeddable":true,"href":"https:\/\/texmexcurios.com\/es\/wp-json\/wp\/v2\/media\/17037"}],"wp:attachment":[{"href":"https:\/\/texmexcurios.com\/es\/wp-json\/wp\/v2\/media?parent=17332"}],"wp:term":[{"taxonomy":"product_brand","embeddable":true,"href":"https:\/\/texmexcurios.com\/es\/wp-json\/wp\/v2\/product_brand?post=17332"},{"taxonomy":"product_cat","embeddable":true,"href":"https:\/\/texmexcurios.com\/es\/wp-json\/wp\/v2\/product_cat?post=17332"},{"taxonomy":"product_tag","embeddable":true,"href":"https:\/\/texmexcurios.com\/es\/wp-json\/wp\/v2\/product_tag?post=17332"}],"curies":[{"name":"wp","href":"https:\/\/api.w.org\/{rel}","templated":true}]}}