{"id":17331,"date":"2024-10-23T09:59:50","date_gmt":"2024-10-23T14:59:50","guid":{"rendered":"https:\/\/texmexcurios.com\/colesterol-y-trigliceridos-colesterol-y-trigliceridos\/"},"modified":"2026-02-05T07:06:32","modified_gmt":"2026-02-05T13:06:32","slug":"colesterol-y-trigliceridos-colesterol-y-trigliceridos","status":"publish","type":"product","link":"https:\/\/texmexcurios.com\/es\/producto\/colesterol-y-trigliceridos-colesterol-y-trigliceridos\/","title":{"rendered":"Colesterol y Triglic\u00e9ridos &#8211; Colesterol y Trigliceridos"},"content":{"rendered":"<p><strong>Colesterol y Triglic\u00e9ridos &#8211; Colesterol y Trigliceridos<\/strong><br \/>\nFavorece y mantiene niveles saludables de colesterol que ya se encuentran en un rango normal. F\u00f3rmula herbal no somnolienta para la salud cardiovascular general. Envase de 4 onzas (rinde 4 galones).   <\/p>\n<p>Ingredientes: Olivo, Hierba de Sapo, Jamaica, Lima, Ra\u00edz de Colcomeca, Hierba de Brasil, Espino Blanco, Jengibre, Cola de Pony, Cancerina, Cardo Marino.<\/p>\n<p><em>Ingredientes: Olivo, Hierba de Sapo, Jamaica, Lima, Raiz Colcomeca, Brasil, Espino Blanco, Jengibre, Cola de Caballo, Cancerina, Cardo Marin.<\/em><\/p>\n","protected":false},"excerpt":{"rendered":"<p>Mantiene un colesterol saludable<\/p>\n","protected":false},"featured_media":15927,"comment_status":"open","ping_status":"closed","template":"","meta":{"_kad_blocks_custom_css":"","_kad_blocks_head_custom_js":"","_kad_blocks_body_custom_js":"","_kad_blocks_footer_custom_js":"","_kad_post_transparent":"","_kad_post_title":"","_kad_post_layout":"","_kad_post_sidebar_id":"","_kad_post_content_style":"","_kad_post_vertical_padding":"","_kad_post_feature":"","_kad_post_feature_position":"","_kad_post_header":false,"_kad_post_footer":false,"_kad_post_classname":""},"product_brand":[],"product_cat":[3380],"product_tag":[3744,3751,3752,3748,3783,3740,3747,3746,3657,3650,3761,3743,3486,3741,3742,3745,3757,3758,3651,3755,3649],"class_list":{"0":"post-17331","1":"product","2":"type-product","3":"status-publish","4":"has-post-thumbnail","6":"product_cat-remedios-a-base-de-plantas","7":"product_tag-cal","8":"product_tag-cancerina-2","9":"product_tag-cardo-de-marin","10":"product_tag-cola-de-caballo-3","11":"product_tag-colesterol-y-trigliceridos-2","12":"product_tag-colesterol-y-trigliceridos","13":"product_tag-espino","14":"product_tag-hierba-de-brasil","15":"product_tag-hierba-de-sapo-2","16":"product_tag-hierbas-medicinales-de-mexico","17":"product_tag-hierbas-para-el-colesterol","18":"product_tag-jamaica-2","19":"product_tag-jengibre","20":"product_tag-niveles-saludables-de-colesterol","21":"product_tag-olivos","22":"product_tag-raiz-colcomeca","23":"product_tag-remedio-a-base-de-plantas-para-el-colesterol","24":"product_tag-remedio-natural-para-el-colesterol","25":"product_tag-remedios-naturales","26":"product_tag-te-de-hierbas-para-el-colesterol","27":"product_tag-yerbas-medicinales","28":"product_shipping_class-tarifa-plana-3","30":"first","31":"instock","32":"purchasable","33":"product-type-simple","34":"entry","35":"content-bg","36":"loop-entry"},"taxonomy_info":{"product_cat":[{"value":3380,"label":"Remedios a base de plantas"}],"product_tag":[{"value":3744,"label":"Cal"},{"value":3751,"label":"Cancerina"},{"value":3752,"label":"Cardo de Mar\u00edn"},{"value":3748,"label":"Cola de caballo"},{"value":3783,"label":"Colesterol y triglic\u00e9ridos"},{"value":3740,"label":"Colesterol y Triglic\u00e9ridos"},{"value":3747,"label":"Espino"},{"value":3746,"label":"Hierba de Brasil"},{"value":3657,"label":"Hierba de sapo"},{"value":3650,"label":"hierbas medicinales de M\u00e9xico"},{"value":3761,"label":"hierbas para el colesterol"},{"value":3743,"label":"Jamaica"},{"value":3486,"label":"Jengibre"},{"value":3741,"label":"niveles saludables de colesterol"},{"value":3742,"label":"Olivos"},{"value":3745,"label":"Ra\u00edz Colcomeca"},{"value":3757,"label":"remedio a base de plantas para el colesterol"},{"value":3758,"label":"remedio natural para el colesterol"},{"value":3651,"label":"remedios naturales"},{"value":3755,"label":"t\u00e9 de hierbas para el colesterol"},{"value":3649,"label":"yerbas medicinales"}]},"featured_image_src_large":["https:\/\/texmexcurios.com\/wp-content\/uploads\/2024\/10\/Cholesterol-and-Triglycerides-front-1000.jpg",1000,1000,false],"author_info":[],"comment_info":0,"_links":{"self":[{"href":"https:\/\/texmexcurios.com\/es\/wp-json\/wp\/v2\/product\/17331","targetHints":{"allow":["GET"]}}],"collection":[{"href":"https:\/\/texmexcurios.com\/es\/wp-json\/wp\/v2\/product"}],"about":[{"href":"https:\/\/texmexcurios.com\/es\/wp-json\/wp\/v2\/types\/product"}],"replies":[{"embeddable":true,"href":"https:\/\/texmexcurios.com\/es\/wp-json\/wp\/v2\/comments?post=17331"}],"wp:featuredmedia":[{"embeddable":true,"href":"https:\/\/texmexcurios.com\/es\/wp-json\/wp\/v2\/media\/15927"}],"wp:attachment":[{"href":"https:\/\/texmexcurios.com\/es\/wp-json\/wp\/v2\/media?parent=17331"}],"wp:term":[{"taxonomy":"product_brand","embeddable":true,"href":"https:\/\/texmexcurios.com\/es\/wp-json\/wp\/v2\/product_brand?post=17331"},{"taxonomy":"product_cat","embeddable":true,"href":"https:\/\/texmexcurios.com\/es\/wp-json\/wp\/v2\/product_cat?post=17331"},{"taxonomy":"product_tag","embeddable":true,"href":"https:\/\/texmexcurios.com\/es\/wp-json\/wp\/v2\/product_tag?post=17331"}],"curies":[{"name":"wp","href":"https:\/\/api.w.org\/{rel}","templated":true}]}}