{"id":17326,"date":"2024-08-07T08:07:48","date_gmt":"2024-08-07T13:07:48","guid":{"rendered":"https:\/\/texmexcurios.com\/vela-hamsa-jumbo\/"},"modified":"2026-04-29T06:40:19","modified_gmt":"2026-04-29T11:40:19","slug":"vela-hamsa-jumbo","status":"publish","type":"product","link":"https:\/\/texmexcurios.com\/es\/producto\/vela-hamsa-jumbo\/","title":{"rendered":"Vela Hamsa Jumbo"},"content":{"rendered":"<p>Enciende una Vela Jumbo Hamsa y elimina la energ\u00eda negativa y los enemigos de tu vida. Concede paz, prosperidad, protecci\u00f3n y buena salud.  Las velas espirituales se fijan con hierbas m\u00e1gicas, aceites espirituales y cristales curativos.<\/p>\n<ul>\n<li>Vela de oraci\u00f3n inspirada en \u00e1ngeles y santos<\/li>\n<li>La vela Jumbo arde de 10 a 14 d\u00edas<\/li>\n<li>Vela sin aroma<\/li>\n<li>Ver las instrucciones a continuaci\u00f3n<\/li>\n<\/ul>\n<p>PASO 1<br \/>\nEscribe tu petici\u00f3n, tus deseos en el papel de pergamino situado sobre la vela. Puedes utilizar las dos caras del papel. En resumen, escribe lo que deseas. Puedes incluir en el papel de pergamino detalles como nombre o nombres, d\u00eda o fechas de nacimiento, direcciones, n\u00fameros importantes, lo que creas que est\u00e1 relacionado con tu intenci\u00f3n.   <\/p>\n<p>A continuaci\u00f3n encontrar\u00e1s ejemplos de lo que puedes escribir en tu papel de pergamino para cada vela, que pueden aplicarse o no a tu situaci\u00f3n y sirven s\u00f3lo como gu\u00eda. En \u00faltima instancia, escribe tu intenci\u00f3n y lo que deseas recibir. <\/p>\n<p>Por ejemplo: (Poderoso Hamsa, prot\u00e9geme a m\u00ed y a mi familia de todo mal). (Poderoso Hamsa, conc\u00e9deme paz, prosperidad y protecci\u00f3n). (Poderoso Hamsa, conc\u00e9deme la fuerza para superar mis problemas).  <\/p>\n<p>PASO 2<br \/>\nDobla 2 veces el papel de pergamino y col\u00f3calo debajo de la vela.<\/p>\n<p>PASO 3<br \/>\nReza la oraci\u00f3n de la vela, medita y visualiza lo que quieres que ocurra; Reza la oraci\u00f3n diariamente; Si la vela no incluye una oraci\u00f3n, reza tu oraci\u00f3n favorita.<\/p>\n","protected":false},"excerpt":{"rendered":"<p>Elimina la energ\u00eda negativa<\/p>\n","protected":false},"featured_media":17327,"comment_status":"open","ping_status":"closed","template":"","meta":{"_kad_blocks_custom_css":"","_kad_blocks_head_custom_js":"","_kad_blocks_body_custom_js":"","_kad_blocks_footer_custom_js":"","_kad_post_transparent":"","_kad_post_title":"","_kad_post_layout":"","_kad_post_sidebar_id":"","_kad_post_content_style":"","_kad_post_vertical_padding":"","_kad_post_feature":"","_kad_post_feature_position":"","_kad_post_header":false,"_kad_post_footer":false,"_kad_post_classname":""},"product_brand":[],"product_cat":[3181],"product_tag":[3728,3193,3130,3191,3196,3108,3730,3278,3734,3732],"class_list":{"0":"post-17326","1":"product","2":"type-product","3":"status-publish","4":"has-post-thumbnail","6":"product_cat-elimina-la-mala-suerte","7":"product_tag-limpias","8":"product_tag-rituales-de-limpieza","9":"product_tag-vela-compuesta","10":"product_tag-vela-curativa","11":"product_tag-vela-de-oracion","12":"product_tag-vela-espiritual","13":"product_tag-vela-fija-hamsa","14":"product_tag-vela-hamsa","15":"product_tag-vela-hamsa-de-proteccion","16":"product_tag-vela-jumbo-hamsa-14-dias","17":"product_shipping_class-tarifa-plana-8","19":"first","20":"instock","21":"taxable","22":"shipping-taxable","23":"purchasable","24":"product-type-simple","25":"entry","26":"content-bg","27":"loop-entry"},"taxonomy_info":{"product_cat":[{"value":3181,"label":"Elimina la mala suerte"}],"product_tag":[{"value":3728,"label":"limpias"},{"value":3193,"label":"rituales de limpieza"},{"value":3130,"label":"vela compuesta"},{"value":3191,"label":"vela curativa"},{"value":3196,"label":"vela de oraci\u00f3n"},{"value":3108,"label":"vela espiritual"},{"value":3730,"label":"Vela fija Hamsa"},{"value":3278,"label":"Vela Hamsa"},{"value":3734,"label":"Vela Hamsa de protecci\u00f3n"},{"value":3732,"label":"Vela jumbo Hamsa 14 d\u00edas"}]},"featured_image_src_large":["https:\/\/texmexcurios.com\/wp-content\/uploads\/2024\/08\/Hamsa-jumbo-candle-1000.jpg",1000,1000,false],"author_info":[],"comment_info":0,"_links":{"self":[{"href":"https:\/\/texmexcurios.com\/es\/wp-json\/wp\/v2\/product\/17326","targetHints":{"allow":["GET"]}}],"collection":[{"href":"https:\/\/texmexcurios.com\/es\/wp-json\/wp\/v2\/product"}],"about":[{"href":"https:\/\/texmexcurios.com\/es\/wp-json\/wp\/v2\/types\/product"}],"replies":[{"embeddable":true,"href":"https:\/\/texmexcurios.com\/es\/wp-json\/wp\/v2\/comments?post=17326"}],"wp:featuredmedia":[{"embeddable":true,"href":"https:\/\/texmexcurios.com\/es\/wp-json\/wp\/v2\/media\/17327"}],"wp:attachment":[{"href":"https:\/\/texmexcurios.com\/es\/wp-json\/wp\/v2\/media?parent=17326"}],"wp:term":[{"taxonomy":"product_brand","embeddable":true,"href":"https:\/\/texmexcurios.com\/es\/wp-json\/wp\/v2\/product_brand?post=17326"},{"taxonomy":"product_cat","embeddable":true,"href":"https:\/\/texmexcurios.com\/es\/wp-json\/wp\/v2\/product_cat?post=17326"},{"taxonomy":"product_tag","embeddable":true,"href":"https:\/\/texmexcurios.com\/es\/wp-json\/wp\/v2\/product_tag?post=17326"}],"curies":[{"name":"wp","href":"https:\/\/api.w.org\/{rel}","templated":true}]}}