{"id":17319,"date":"2024-10-23T09:32:00","date_gmt":"2024-10-23T14:32:00","guid":{"rendered":"https:\/\/texmexcurios.com\/alergia-y-asma-alergia-y-asma\/"},"modified":"2024-10-23T09:32:00","modified_gmt":"2024-10-23T14:32:00","slug":"alergia-y-asma-alergia-y-asma","status":"publish","type":"product","link":"https:\/\/texmexcurios.com\/es\/producto\/alergia-y-asma-alergia-y-asma\/","title":{"rendered":"Alergia Y Asma &#8211; Alergia y Asma"},"content":{"rendered":"<p><strong>Alergia Y Asma &#8211; Alergia y Asma<\/strong><br \/>\nInflamaci\u00f3n pulmonar y apoyo bronquial. F\u00f3rmula herbal no somnolienta para unos pulmones sanos. Envase de 4 onzas (rinde 4 galones)   <\/p>\n<p>Ingredientes: Menta, Tomillo, Tronador, Pulpa molida, Alholva, Eucalipto, Drosera, Jengibre, Flores de c\u00edtricos, Anis.<\/p>\n<p><em>Ingredientes: Menta, Tomillo, Tronadora, Pulpa Guaje, Fenogreco, Eucalipto, Drosera, Jengibre, Flores Citricas, Anis.<\/em><\/p>\n","protected":false},"excerpt":{"rendered":"<p>Ayuda para aliviar el asma<\/p>\n","protected":false},"featured_media":15912,"comment_status":"open","ping_status":"closed","template":"","meta":{"_kad_blocks_custom_css":"","_kad_blocks_head_custom_js":"","_kad_blocks_body_custom_js":"","_kad_blocks_footer_custom_js":"","_kad_post_transparent":"","_kad_post_title":"","_kad_post_layout":"","_kad_post_sidebar_id":"","_kad_post_content_style":"","_kad_post_vertical_padding":"","_kad_post_feature":"","_kad_post_feature_position":"","_kad_post_header":false,"_kad_post_footer":false,"_kad_post_classname":""},"product_brand":[],"product_cat":[3380],"product_tag":[3697,3709,3706,3705,3704,3708,3716,3717,3699,3707,3487,3698,3703,3712,3714,3715,3651,3700,3710,3713,3711,3701,3702,3649],"class_list":{"0":"post-17319","1":"product","2":"type-product","3":"status-publish","4":"has-post-thumbnail","6":"product_cat-remedios-a-base-de-plantas","7":"product_tag-alergia-y-asma","8":"product_tag-anis","9":"product_tag-drosera","10":"product_tag-eucalipto","11":"product_tag-fenogreco","12":"product_tag-flores-citricas","13":"product_tag-hiebras-medicinales-de-mexico","14":"product_tag-hierbas-para-alergias-y-asma","15":"product_tag-inflamacion-pulmonar","16":"product_tag-jengibre-2","17":"product_tag-menta","18":"product_tag-pulmones-sanos","19":"product_tag-pulpa-guaje","20":"product_tag-remedio-herbal-para-el-asma","21":"product_tag-remedio-herbal-para-las-alergias","22":"product_tag-remedio-natural-para-el-asma","23":"product_tag-remedios-naturales","24":"product_tag-soporte-bronquial","25":"product_tag-te-de-hierbas-para-el-asma","26":"product_tag-te-natural-para-las-alergias","27":"product_tag-tisana-para-las-alergias","28":"product_tag-tomillo","29":"product_tag-tronadora","30":"product_tag-yerbas-medicinales","31":"product_shipping_class-tarifa-plana-3","33":"first","34":"instock","35":"shipping-taxable","36":"purchasable","37":"product-type-simple","38":"entry","39":"content-bg","40":"loop-entry"},"taxonomy_info":{"product_cat":[{"value":3380,"label":"Remedios a base de plantas"}],"product_tag":[{"value":3697,"label":"Alergia Y Asma"},{"value":3709,"label":"Anis"},{"value":3706,"label":"Drosera"},{"value":3705,"label":"Eucalipto"},{"value":3704,"label":"Fenogreco"},{"value":3708,"label":"Flores C\u00edtricas"},{"value":3716,"label":"hiebras medicinales de M\u00e9xico"},{"value":3717,"label":"hierbas para alergias y asma"},{"value":3699,"label":"Inflamaci\u00f3n pulmonar"},{"value":3707,"label":"Jengibre"},{"value":3487,"label":"Menta"},{"value":3698,"label":"pulmones sanos"},{"value":3703,"label":"Pulpa Guaje"},{"value":3712,"label":"remedio herbal para el asma"},{"value":3714,"label":"remedio herbal para las alergias"},{"value":3715,"label":"remedio natural para el asma"},{"value":3651,"label":"remedios naturales"},{"value":3700,"label":"soporte bronquial"},{"value":3710,"label":"T\u00e9 de hierbas para el asma"},{"value":3713,"label":"t\u00e9 natural para las alergias"},{"value":3711,"label":"tisana para las alergias"},{"value":3701,"label":"Tomillo"},{"value":3702,"label":"Tronadora"},{"value":3649,"label":"yerbas medicinales"}]},"featured_image_src_large":["https:\/\/texmexcurios.com\/wp-content\/uploads\/2024\/10\/Allergy-and-Asthma-front-1000.jpg",1000,1000,false],"author_info":[],"comment_info":0,"_links":{"self":[{"href":"https:\/\/texmexcurios.com\/es\/wp-json\/wp\/v2\/product\/17319","targetHints":{"allow":["GET"]}}],"collection":[{"href":"https:\/\/texmexcurios.com\/es\/wp-json\/wp\/v2\/product"}],"about":[{"href":"https:\/\/texmexcurios.com\/es\/wp-json\/wp\/v2\/types\/product"}],"replies":[{"embeddable":true,"href":"https:\/\/texmexcurios.com\/es\/wp-json\/wp\/v2\/comments?post=17319"}],"wp:featuredmedia":[{"embeddable":true,"href":"https:\/\/texmexcurios.com\/es\/wp-json\/wp\/v2\/media\/15912"}],"wp:attachment":[{"href":"https:\/\/texmexcurios.com\/es\/wp-json\/wp\/v2\/media?parent=17319"}],"wp:term":[{"taxonomy":"product_brand","embeddable":true,"href":"https:\/\/texmexcurios.com\/es\/wp-json\/wp\/v2\/product_brand?post=17319"},{"taxonomy":"product_cat","embeddable":true,"href":"https:\/\/texmexcurios.com\/es\/wp-json\/wp\/v2\/product_cat?post=17319"},{"taxonomy":"product_tag","embeddable":true,"href":"https:\/\/texmexcurios.com\/es\/wp-json\/wp\/v2\/product_tag?post=17319"}],"curies":[{"name":"wp","href":"https:\/\/api.w.org\/{rel}","templated":true}]}}