{"id":17313,"date":"2024-10-24T08:38:15","date_gmt":"2024-10-24T13:38:15","guid":{"rendered":"https:\/\/texmexcurios.com\/presion-arterial-tension-arterial\/"},"modified":"2024-10-24T08:38:15","modified_gmt":"2024-10-24T13:38:15","slug":"presion-arterial-tension-arterial","status":"publish","type":"product","link":"https:\/\/texmexcurios.com\/es\/producto\/presion-arterial-tension-arterial\/","title":{"rendered":"Presion Arterial &#8211; Tensi\u00f3n arterial"},"content":{"rendered":"<p><strong>Presion Arterial &#8211; Tensi\u00f3n arterial<br \/>\n<\/strong>Favorece una tensi\u00f3n arterial sana. F\u00f3rmula herbal no somnolienta para un coraz\u00f3n sano. Envase de 4 onzas (rinde 4 galones).   <\/p>\n<p>Ingredientes: Hojas de sapodilla, hojas de olivo, cola de caballo, diente de le\u00f3n, pasiflora, valeriana, espino blanco, hierba de sapo, sanguinaria<\/p>\n<p><em>Ingredientes: Hojas de Zapote, Hojas de Olivio, Cola de Caballo, Diente de le\u00f3n, Pasiflora, Valeriana, Espino Blanco, Hierbas del Sapo, Sanguinaria<\/em><\/p>\n","protected":false},"excerpt":{"rendered":"<p>Presi\u00f3n arterial sana<\/p>\n","protected":false},"featured_media":15945,"comment_status":"open","ping_status":"closed","template":"","meta":{"_kad_blocks_custom_css":"","_kad_blocks_head_custom_js":"","_kad_blocks_body_custom_js":"","_kad_blocks_footer_custom_js":"","_kad_post_transparent":"","_kad_post_title":"","_kad_post_layout":"","_kad_post_sidebar_id":"","_kad_post_content_style":"","_kad_post_vertical_padding":"","_kad_post_feature":"","_kad_post_feature_position":"","_kad_post_header":false,"_kad_post_footer":false,"_kad_post_classname":""},"product_brand":[],"product_cat":[3380],"product_tag":[3384,3393,3688,3682,3689,3683,3650,3679,3678,3680,3677,3685,3687,3651,3684,3686,3681,3649],"class_list":{"0":"post-17313","1":"product","2":"type-product","3":"status-publish","4":"has-post-thumbnail","6":"product_cat-remedios-a-base-de-plantas","7":"product_tag-cola-de-caballo","8":"product_tag-diente-de-leon","9":"product_tag-el-mejor-te-para-la-hipertension","10":"product_tag-espino-blanco","11":"product_tag-hierba-para-la-altapresion","12":"product_tag-hierbas-del-sapo","13":"product_tag-hierbas-medicinales-de-mexico","14":"product_tag-hojas-de-olivio","15":"product_tag-hojas-de-zapote","16":"product_tag-pasiflora","17":"product_tag-presion-arterial-tension-arterial","18":"product_tag-remedio-a-base-de-plantas-para-la-tension-arterial","19":"product_tag-remedio-natural-para-la-hipertension","20":"product_tag-remedios-naturales","21":"product_tag-sanguinaria","22":"product_tag-te-de-hierbas-para-la-hipertension-2","23":"product_tag-valeriana","24":"product_tag-yerbas-medicinales","25":"product_shipping_class-tarifa-plana-3","27":"first","28":"instock","29":"shipping-taxable","30":"purchasable","31":"product-type-simple","32":"entry","33":"content-bg","34":"loop-entry"},"taxonomy_info":{"product_cat":[{"value":3380,"label":"Remedios a base de plantas"}],"product_tag":[{"value":3384,"label":"Cola de Caballo"},{"value":3393,"label":"Diente de le\u00f3n"},{"value":3688,"label":"el mejor t\u00e9 para la hipertensi\u00f3n"},{"value":3682,"label":"Espino Blanco"},{"value":3689,"label":"hierba para la altapresion"},{"value":3683,"label":"Hierbas del Sapo"},{"value":3650,"label":"hierbas medicinales de M\u00e9xico"},{"value":3679,"label":"Hojas de Olivio"},{"value":3678,"label":"Hojas de Zapote"},{"value":3680,"label":"Pasiflora"},{"value":3677,"label":"Presion Arterial - Tensi\u00f3n arterial"},{"value":3685,"label":"Remedio a base de plantas para la tensi\u00f3n arterial"},{"value":3687,"label":"remedio natural para la hipertensi\u00f3n"},{"value":3651,"label":"remedios naturales"},{"value":3684,"label":"Sanguinaria"},{"value":3686,"label":"t\u00e9 de hierbas para la hipertensi\u00f3n"},{"value":3681,"label":"Valeriana"},{"value":3649,"label":"yerbas medicinales"}]},"featured_image_src_large":["https:\/\/texmexcurios.com\/wp-content\/uploads\/2024\/10\/Blood-Pressure-front-1000.jpg",1000,1000,false],"author_info":[],"comment_info":0,"_links":{"self":[{"href":"https:\/\/texmexcurios.com\/es\/wp-json\/wp\/v2\/product\/17313","targetHints":{"allow":["GET"]}}],"collection":[{"href":"https:\/\/texmexcurios.com\/es\/wp-json\/wp\/v2\/product"}],"about":[{"href":"https:\/\/texmexcurios.com\/es\/wp-json\/wp\/v2\/types\/product"}],"replies":[{"embeddable":true,"href":"https:\/\/texmexcurios.com\/es\/wp-json\/wp\/v2\/comments?post=17313"}],"wp:featuredmedia":[{"embeddable":true,"href":"https:\/\/texmexcurios.com\/es\/wp-json\/wp\/v2\/media\/15945"}],"wp:attachment":[{"href":"https:\/\/texmexcurios.com\/es\/wp-json\/wp\/v2\/media?parent=17313"}],"wp:term":[{"taxonomy":"product_brand","embeddable":true,"href":"https:\/\/texmexcurios.com\/es\/wp-json\/wp\/v2\/product_brand?post=17313"},{"taxonomy":"product_cat","embeddable":true,"href":"https:\/\/texmexcurios.com\/es\/wp-json\/wp\/v2\/product_cat?post=17313"},{"taxonomy":"product_tag","embeddable":true,"href":"https:\/\/texmexcurios.com\/es\/wp-json\/wp\/v2\/product_tag?post=17313"}],"curies":[{"name":"wp","href":"https:\/\/api.w.org\/{rel}","templated":true}]}}