{"id":17304,"date":"2024-10-24T09:24:30","date_gmt":"2024-10-24T14:24:30","guid":{"rendered":"https:\/\/texmexcurios.com\/pulmones-pulmones\/"},"modified":"2026-02-05T07:04:59","modified_gmt":"2026-02-05T13:04:59","slug":"pulmones-pulmones","status":"publish","type":"product","link":"https:\/\/texmexcurios.com\/es\/producto\/pulmones-pulmones\/","title":{"rendered":"Pulmones &#8211; Pulmones"},"content":{"rendered":"<p><strong>Pulmones &#8211; Pulmones<br \/>\n<\/strong>Apoyo pulmonar y respiratorio; Respiraci\u00f3n f\u00e1cil y apoyo a la inflamaci\u00f3n. F\u00f3rmula herbal no somnolienta para una salud pulmonar \u00f3ptima. Envase de 4 onzas (rinde 4 galones)   <\/p>\n<p>Ingredientes: Sauce, Harpago Fito, Zarzaparrilla, Matarique, Abedul, Enebro, C\u00farcuma, Hierba de Sapo, Capit\u00e1n, Cola de Caballo.<\/p>\n<p><em>Ingredientes: Salsa, Harpago Fito, Zarzaparrilla, Matarique, Abedul, Enebro, C\u00farcuma, Hierba de Sapo, Capitaneja, Cola de Caballo.<\/em><\/p>\n","protected":false},"excerpt":{"rendered":"<p>Asistencia pulmonar y respiratoria<\/p>\n","protected":false},"featured_media":15948,"comment_status":"open","ping_status":"closed","template":"","meta":{"_kad_blocks_custom_css":"","_kad_blocks_head_custom_js":"","_kad_blocks_body_custom_js":"","_kad_blocks_footer_custom_js":"","_kad_post_transparent":"","_kad_post_title":"","_kad_post_layout":"","_kad_post_sidebar_id":"","_kad_post_content_style":"","_kad_post_vertical_padding":"","_kad_post_feature":"","_kad_post_feature_position":"","_kad_post_header":false,"_kad_post_footer":false,"_kad_post_classname":""},"product_brand":[],"product_cat":[3380],"product_tag":[3665,3668,3667,3659,3572,3662,3657,3676,3650,3666,3664,3669,3660,3674,3673,3675,3651,3661,3672,3671,3649,3663],"class_list":{"0":"post-17304","1":"product","2":"type-product","3":"status-publish","4":"has-post-thumbnail","6":"product_cat-remedios-a-base-de-plantas","7":"product_tag-abedul","8":"product_tag-asistencia-pulmonar-y-respiratoria","9":"product_tag-capitan","10":"product_tag-cola-de-caballo-2","11":"product_tag-curcuma","12":"product_tag-harpago-fito","13":"product_tag-hierba-de-sapo-2","14":"product_tag-hierba-para-los-pulmones","15":"product_tag-hierbas-medicinales-de-mexico","16":"product_tag-juniper","17":"product_tag-matarique","18":"product_tag-pulmonar","19":"product_tag-pulmones-pulmones","20":"product_tag-remedio-a-base-de-plantas-para-la-congestion-pulmonar","21":"product_tag-remedio-herbal-para-la-desintoxicacion-pulmonar","22":"product_tag-remedio-natural-para-la-funcion-pulmonar","23":"product_tag-remedios-naturales","24":"product_tag-sauce","25":"product_tag-tisana-para-la-salud-pulmonar","26":"product_tag-tisana-para-los-pulmones","27":"product_tag-yerbas-medicinales","28":"product_tag-zarzaparrilla","29":"product_shipping_class-tarifa-plana-3","31":"first","32":"instock","33":"shipping-taxable","34":"purchasable","35":"product-type-simple","36":"entry","37":"content-bg","38":"loop-entry"},"taxonomy_info":{"product_cat":[{"value":3380,"label":"Remedios a base de plantas"}],"product_tag":[{"value":3665,"label":"Abedul"},{"value":3668,"label":"Asistencia pulmonar y respiratoria"},{"value":3667,"label":"Capit\u00e1n"},{"value":3659,"label":"Cola de caballo"},{"value":3572,"label":"C\u00farcuma"},{"value":3662,"label":"Harpago Fito"},{"value":3657,"label":"Hierba de sapo"},{"value":3676,"label":"hierba para los pulmones"},{"value":3650,"label":"hierbas medicinales de M\u00e9xico"},{"value":3666,"label":"Juniper"},{"value":3664,"label":"Matarique"},{"value":3669,"label":"Pulmonar"},{"value":3660,"label":"Pulmones - Pulmones"},{"value":3674,"label":"remedio a base de plantas para la congesti\u00f3n pulmonar"},{"value":3673,"label":"remedio herbal para la desintoxicaci\u00f3n pulmonar"},{"value":3675,"label":"remedio natural para la funci\u00f3n pulmonar"},{"value":3651,"label":"remedios naturales"},{"value":3661,"label":"Sauce"},{"value":3672,"label":"tisana para la salud pulmonar"},{"value":3671,"label":"tisana para los pulmones"},{"value":3649,"label":"yerbas medicinales"},{"value":3663,"label":"Zarzaparrilla"}]},"featured_image_src_large":["https:\/\/texmexcurios.com\/wp-content\/uploads\/2024\/10\/Lungs-front-1000.jpg",1000,1000,false],"author_info":[],"comment_info":0,"_links":{"self":[{"href":"https:\/\/texmexcurios.com\/es\/wp-json\/wp\/v2\/product\/17304","targetHints":{"allow":["GET"]}}],"collection":[{"href":"https:\/\/texmexcurios.com\/es\/wp-json\/wp\/v2\/product"}],"about":[{"href":"https:\/\/texmexcurios.com\/es\/wp-json\/wp\/v2\/types\/product"}],"replies":[{"embeddable":true,"href":"https:\/\/texmexcurios.com\/es\/wp-json\/wp\/v2\/comments?post=17304"}],"wp:featuredmedia":[{"embeddable":true,"href":"https:\/\/texmexcurios.com\/es\/wp-json\/wp\/v2\/media\/15948"}],"wp:attachment":[{"href":"https:\/\/texmexcurios.com\/es\/wp-json\/wp\/v2\/media?parent=17304"}],"wp:term":[{"taxonomy":"product_brand","embeddable":true,"href":"https:\/\/texmexcurios.com\/es\/wp-json\/wp\/v2\/product_brand?post=17304"},{"taxonomy":"product_cat","embeddable":true,"href":"https:\/\/texmexcurios.com\/es\/wp-json\/wp\/v2\/product_cat?post=17304"},{"taxonomy":"product_tag","embeddable":true,"href":"https:\/\/texmexcurios.com\/es\/wp-json\/wp\/v2\/product_tag?post=17304"}],"curies":[{"name":"wp","href":"https:\/\/api.w.org\/{rel}","templated":true}]}}