{"id":17297,"date":"2025-04-18T07:19:32","date_gmt":"2025-04-18T12:19:32","guid":{"rendered":"https:\/\/texmexcurios.com\/betel-natural-hierba-de-sapo\/"},"modified":"2025-04-18T07:19:32","modified_gmt":"2025-04-18T12:19:32","slug":"betel-natural-hierba-de-sapo","status":"publish","type":"product","link":"https:\/\/texmexcurios.com\/es\/producto\/betel-natural-hierba-de-sapo\/","title":{"rendered":"Betel Natural Hierba de Sapo"},"content":{"rendered":"<p><strong>Betel Natural Hierba de Sapo<\/strong><br \/>\nBeneficios naturales para la salud: Apoyo al h\u00edgado, ri\u00f1ones y ves\u00edcula biliar; Desintoxicaci\u00f3n hep\u00e1tica; Propiedades antiinflamatorias y antioxidantes; Cardo mariano mexicano<br \/>\nBeneficios naturales para la salud: Apoyo al h\u00edgado, ri\u00f1ones y ves\u00edcula biliar; Desintoxicaci\u00f3n hep\u00e1tica; Propiedades antiinflamatorias y antioxidantes; Cardo mariano mexicano<\/p>\n<p>Ingredientes: Cardo mariano<br \/>\n24 bolsitas de t\u00e9 por caja<br \/>\n90 c\u00e1psulas<\/p>\n<p>Dosis recomendada para el t\u00e9: 1 bolsita de t\u00e9 al d\u00eda.<br \/>\nDosis recomendada para c\u00e1psulas: 3 c\u00e1psulas al d\u00eda con las comidas.<br \/>\nDosis combinada recomendada: Seg\u00fan tu estilo de vida, toma las c\u00e1psulas como se recomienda o el t\u00e9 como se recomienda.<\/p>\n","protected":false},"excerpt":{"rendered":"<p>Cardo mariano mexicano<\/p>\n","protected":false},"featured_media":16380,"comment_status":"open","ping_status":"closed","template":"","meta":{"_kad_blocks_custom_css":"","_kad_blocks_head_custom_js":"","_kad_blocks_body_custom_js":"","_kad_blocks_footer_custom_js":"","_kad_post_transparent":"","_kad_post_title":"","_kad_post_layout":"","_kad_post_sidebar_id":"","_kad_post_content_style":"","_kad_post_vertical_padding":"","_kad_post_feature":"","_kad_post_feature_position":"","_kad_post_header":false,"_kad_post_footer":false,"_kad_post_classname":""},"product_brand":[],"product_cat":[3380],"product_tag":[3638,3626,3515,3624,3382,3633,3394,3648,3640,3628,3438,3632,3630,3386,3432,3396,3431,3399,3398,3644,3395,3642,3397,3636,3646],"class_list":{"0":"post-17297","1":"product","2":"type-product","3":"status-publish","4":"has-post-thumbnail","6":"product_cat-remedios-a-base-de-plantas","7":"product_tag-beneficios-de-la-hierba-de-sapo","8":"product_tag-betel-hierba-de-sapo","9":"product_tag-betel-natural","10":"product_tag-betel-natural-hierba-de-sapo","11":"product_tag-capsulas-de-hierbas","12":"product_tag-cardo-mariano-mexicano","13":"product_tag-curacion-natural","14":"product_tag-hiebra-para-el-higado","15":"product_tag-hiebre-de-sapo-usa","16":"product_tag-hierba-de-rana","17":"product_tag-hierba-de-sapo","18":"product_tag-hierba-de-sapo-capsulas","19":"product_tag-hierba-de-sapo-suplemento-herbal","20":"product_tag-hierbas-medicinales","21":"product_tag-hierbas-naturales","22":"product_tag-infusiones","23":"product_tag-ingredientes-naturales","24":"product_tag-medicina-popular","25":"product_tag-mezclas-de-hierbas","26":"product_tag-que-es-la-hiebra-de-sapo-y-para-que-sirve","27":"product_tag-remedios-herbales","28":"product_tag-suplementos-de-hierba-de-sapo","29":"product_tag-suplementos-de-hierbas","30":"product_tag-te-de-cardo","31":"product_tag-te-de-hierba-de-sapo","32":"product_shipping_class-tarifa-plana-3","34":"first","35":"instock","36":"taxable","37":"shipping-taxable","38":"purchasable","39":"product-type-simple","40":"entry","41":"content-bg","42":"loop-entry"},"taxonomy_info":{"product_cat":[{"value":3380,"label":"Remedios a base de plantas"}],"product_tag":[{"value":3638,"label":"beneficios de la hierba de sapo"},{"value":3626,"label":"betel hierba de sapo"},{"value":3515,"label":"betel natural"},{"value":3624,"label":"Betel Natural Hierba de Sapo"},{"value":3382,"label":"C\u00e1psulas de hierbas"},{"value":3633,"label":"Cardo mariano mexicano"},{"value":3394,"label":"curaci\u00f3n natural"},{"value":3648,"label":"hiebra para el higado"},{"value":3640,"label":"hiebre de sapo usa"},{"value":3628,"label":"hierba de rana"},{"value":3438,"label":"Hierba de Sapo"},{"value":3632,"label":"hierba de sapo c\u00e1psulas"},{"value":3630,"label":"hierba de sapo suplemento herbal"},{"value":3386,"label":"Hierbas medicinales"},{"value":3432,"label":"hierbas naturales"},{"value":3396,"label":"infusiones"},{"value":3431,"label":"ingredientes naturales"},{"value":3399,"label":"medicina popular"},{"value":3398,"label":"mezclas de hierbas"},{"value":3644,"label":"que es la hiebra de sapo y para que sirve"},{"value":3395,"label":"remedios herbales"},{"value":3642,"label":"suplementos de hierba de sapo"},{"value":3397,"label":"suplementos de hierbas"},{"value":3636,"label":"t\u00e9 de cardo"},{"value":3646,"label":"t\u00e9 de hierba de sapo"}]},"featured_image_src_large":["https:\/\/texmexcurios.com\/wp-content\/uploads\/2025\/04\/Betel-Natural-Hierba-de-Sapo.jpg",1000,1000,false],"author_info":[],"comment_info":0,"_links":{"self":[{"href":"https:\/\/texmexcurios.com\/es\/wp-json\/wp\/v2\/product\/17297","targetHints":{"allow":["GET"]}}],"collection":[{"href":"https:\/\/texmexcurios.com\/es\/wp-json\/wp\/v2\/product"}],"about":[{"href":"https:\/\/texmexcurios.com\/es\/wp-json\/wp\/v2\/types\/product"}],"replies":[{"embeddable":true,"href":"https:\/\/texmexcurios.com\/es\/wp-json\/wp\/v2\/comments?post=17297"}],"wp:featuredmedia":[{"embeddable":true,"href":"https:\/\/texmexcurios.com\/es\/wp-json\/wp\/v2\/media\/16380"}],"wp:attachment":[{"href":"https:\/\/texmexcurios.com\/es\/wp-json\/wp\/v2\/media?parent=17297"}],"wp:term":[{"taxonomy":"product_brand","embeddable":true,"href":"https:\/\/texmexcurios.com\/es\/wp-json\/wp\/v2\/product_brand?post=17297"},{"taxonomy":"product_cat","embeddable":true,"href":"https:\/\/texmexcurios.com\/es\/wp-json\/wp\/v2\/product_cat?post=17297"},{"taxonomy":"product_tag","embeddable":true,"href":"https:\/\/texmexcurios.com\/es\/wp-json\/wp\/v2\/product_tag?post=17297"}],"curies":[{"name":"wp","href":"https:\/\/api.w.org\/{rel}","templated":true}]}}