{"id":17290,"date":"2024-12-02T02:04:09","date_gmt":"2024-12-02T08:04:09","guid":{"rendered":"https:\/\/texmexcurios.com\/caja-de-velas-magicas-mexicanas-6-meses\/"},"modified":"2026-02-05T07:06:30","modified_gmt":"2026-02-05T13:06:30","slug":"caja-de-velas-magicas-mexicanas-6-meses","status":"publish","type":"product","link":"https:\/\/texmexcurios.com\/es\/producto\/caja-de-velas-magicas-mexicanas-6-meses\/","title":{"rendered":"Caja de Velas M\u00e1gicas Mexicanas &#8211; 6 meses"},"content":{"rendered":"<h5>SUSCR\u00cdBETE HOY Y C\u00daRATE CON LA MAGIA MEXICANA<\/h5>\n<p>\u00a1\u00a1\u00a1Caja de Velas M\u00e1gicas Mexicanas &#8211; 6 meses de suscripci\u00f3n<br \/>\nConsigue una caja mensual de velas espirituales para la limpieza, el amor, la envidia, el dinero, las bendiciones y mucho m\u00e1s!!!<\/p>\n<ul>\n<li>Tu caja m\u00e1gica personal est\u00e1 bendecida y preparada por curanderos mexicanos de tercera generaci\u00f3n<\/li>\n<li>ENV\u00cdO GRATUITO<\/li>\n<\/ul>\n","protected":false},"excerpt":{"rendered":"<p>Caja de Velas M\u00e1gicas Curativas 6 Meses<\/p>\n","protected":false},"featured_media":15580,"comment_status":"open","ping_status":"closed","template":"","meta":{"_kad_blocks_custom_css":"","_kad_blocks_head_custom_js":"","_kad_blocks_body_custom_js":"","_kad_blocks_footer_custom_js":"","_kad_post_transparent":"","_kad_post_title":"","_kad_post_layout":"","_kad_post_sidebar_id":"","_kad_post_content_style":"","_kad_post_vertical_padding":"","_kad_post_feature":"","_kad_post_feature_position":"","_kad_post_header":false,"_kad_post_footer":false,"_kad_post_classname":""},"product_brand":[],"product_cat":[734],"product_tag":[3618,3617,3616],"class_list":{"0":"post-17290","1":"product","2":"type-product","3":"status-publish","4":"has-post-thumbnail","6":"product_cat-uncategorized","7":"product_tag-6-meses-de-suscripcion","8":"product_tag-caja-de-velas-magicas-curativas","9":"product_tag-caja-de-velas-magicas-mexicanas","10":"product_shipping_class-envio-gratuito","12":"first","13":"instock","14":"taxable","15":"shipping-taxable","16":"purchasable","17":"product-type-simple","18":"entry","19":"content-bg","20":"loop-entry"},"taxonomy_info":{"product_cat":[{"value":734,"label":"Uncategorized"}],"product_tag":[{"value":3618,"label":"6 meses de suscripci\u00f3n"},{"value":3617,"label":"Caja de Velas M\u00e1gicas Curativas"},{"value":3616,"label":"Caja de Velas M\u00e1gicas Mexicanas"}]},"featured_image_src_large":["https:\/\/texmexcurios.com\/wp-content\/uploads\/2024\/08\/guadalupe-and-saint-jude-mexican-magic-candle-box-1000.jpg",1000,1000,false],"author_info":[],"comment_info":0,"_links":{"self":[{"href":"https:\/\/texmexcurios.com\/es\/wp-json\/wp\/v2\/product\/17290","targetHints":{"allow":["GET"]}}],"collection":[{"href":"https:\/\/texmexcurios.com\/es\/wp-json\/wp\/v2\/product"}],"about":[{"href":"https:\/\/texmexcurios.com\/es\/wp-json\/wp\/v2\/types\/product"}],"replies":[{"embeddable":true,"href":"https:\/\/texmexcurios.com\/es\/wp-json\/wp\/v2\/comments?post=17290"}],"wp:featuredmedia":[{"embeddable":true,"href":"https:\/\/texmexcurios.com\/es\/wp-json\/wp\/v2\/media\/15580"}],"wp:attachment":[{"href":"https:\/\/texmexcurios.com\/es\/wp-json\/wp\/v2\/media?parent=17290"}],"wp:term":[{"taxonomy":"product_brand","embeddable":true,"href":"https:\/\/texmexcurios.com\/es\/wp-json\/wp\/v2\/product_brand?post=17290"},{"taxonomy":"product_cat","embeddable":true,"href":"https:\/\/texmexcurios.com\/es\/wp-json\/wp\/v2\/product_cat?post=17290"},{"taxonomy":"product_tag","embeddable":true,"href":"https:\/\/texmexcurios.com\/es\/wp-json\/wp\/v2\/product_tag?post=17290"}],"curies":[{"name":"wp","href":"https:\/\/api.w.org\/{rel}","templated":true}]}}