{"id":17273,"date":"2025-04-18T08:45:24","date_gmt":"2025-04-18T13:45:24","guid":{"rendered":"https:\/\/texmexcurios.com\/betel-natural-rinodetox\/"},"modified":"2025-04-18T08:45:24","modified_gmt":"2025-04-18T13:45:24","slug":"betel-natural-rinodetox","status":"publish","type":"product","link":"https:\/\/texmexcurios.com\/es\/producto\/betel-natural-rinodetox\/","title":{"rendered":"Betel Natural Rinodetox"},"content":{"rendered":"<p><strong>Betel Natural Rinodetox<\/strong><br \/>\nBeneficios naturales para la salud: F\u00f3rmula a base de hierbas para el sistema urinario; Apoyo a la funci\u00f3n renal y desintoxicaci\u00f3n renal; Promueve un sistema renal saludable y ayuda a promover que se procese m\u00e1s l\u00edquido;<br \/>\nBeneficios naturales para la salud: F\u00f3rmula a base de hierbas para el sistema urinario; Apoyo a la funci\u00f3n renal y desintoxicaci\u00f3n renal; Promueve un sistema renal saludable y ayuda a promover que se procese m\u00e1s l\u00edquido;<br \/>\nIngredientes: Uva ursi, cola de caballo, cola de caballo, bayas de enebro, pinguica, barbas de elote, boldo, diente dele\u00f3n, t\u00e9 de menta, t\u00e9 verde, gordolobo, perejil, yerba Buena, enebro<\/p>\n<p>24 bolsitas de t\u00e9 por caja<br \/>\n90 c\u00e1psulas<\/p>\n<p>Dosis recomendada para el t\u00e9: 1 bolsita de t\u00e9 al d\u00eda<br \/>\nDosis recomendada para las c\u00e1psulas: 3 c\u00e1psulas al d\u00eda con las comidas<br \/>\nDosis combinada recomendada: Seg\u00fan tu estilo de vida, toma las c\u00e1psulas como se recomienda o el t\u00e9 como se recomienda.<\/p>\n","protected":false},"excerpt":{"rendered":"<p>Apoyo a la funci\u00f3n renal<\/p>\n","protected":false},"featured_media":16403,"comment_status":"open","ping_status":"closed","template":"","meta":{"_kad_blocks_custom_css":"","_kad_blocks_head_custom_js":"","_kad_blocks_body_custom_js":"","_kad_blocks_footer_custom_js":"","_kad_post_transparent":"","_kad_post_title":"","_kad_post_layout":"","_kad_post_sidebar_id":"","_kad_post_content_style":"","_kad_post_vertical_padding":"","_kad_post_feature":"","_kad_post_feature_position":"","_kad_post_header":false,"_kad_post_footer":false,"_kad_post_classname":""},"product_brand":[],"product_cat":[3380],"product_tag":[3480,3468,3483,3472,3469,3470,3467,3382,3479,3393,3485,3481,3386,3484,3396,3400,3399,3398,3465,3395,3471,3473,3397,3474,3477,3482,3475,3476,3466,3478],"class_list":{"0":"post-17273","1":"product","2":"type-product","3":"status-publish","4":"has-post-thumbnail","6":"product_cat-remedios-a-base-de-plantas","7":"product_tag-barbas-de-elote","8":"product_tag-bayas-de-enebro","9":"product_tag-beneficios-de-la-tisana-renal","10":"product_tag-betel-natural-rinodetox-capsulas","11":"product_tag-betel-natural-rinotetox","12":"product_tag-betel-rinodetox","13":"product_tag-boldo","14":"product_tag-capsulas-de-hierbas","15":"product_tag-cola-de-caballo-cola-de-caballo","16":"product_tag-diente-de-leon","17":"product_tag-el-mejor-te-para-los-rinones-y-la-vejiga-curacion-natural","18":"product_tag-hierba-buena","19":"product_tag-hierbas-medicinales","20":"product_tag-hireba-para-rinones","21":"product_tag-infusiones","22":"product_tag-ingredientes-naturales-hierbas-naturales","23":"product_tag-medicina-popular","24":"product_tag-mezclas-de-hierbas","25":"product_tag-pinguica","26":"product_tag-remedios-herbales","27":"product_tag-rinodetox","28":"product_tag-rinodetox-capsulas","29":"product_tag-suplementos-de-hierbas","30":"product_tag-suplementos-rinodetox","31":"product_tag-te-de-hierbas-renales","32":"product_tag-te-depurativo-renal","33":"product_tag-te-rinodetox","34":"product_tag-tisana-de-rinon","35":"product_tag-tisana-para-los-rinones","36":"product_tag-uva-ursi","37":"product_shipping_class-tarifa-plana-3","39":"first","40":"instock","41":"shipping-taxable","42":"purchasable","43":"product-type-simple","44":"entry","45":"content-bg","46":"loop-entry"},"taxonomy_info":{"product_cat":[{"value":3380,"label":"Remedios a base de plantas"}],"product_tag":[{"value":3480,"label":"barbas de elote"},{"value":3468,"label":"bayas de enebro"},{"value":3483,"label":"beneficios de la tisana renal"},{"value":3472,"label":"betel natural rinodetox c\u00e1psulas"},{"value":3469,"label":"betel natural rinotetox"},{"value":3470,"label":"betel rinodetox"},{"value":3467,"label":"boldo"},{"value":3382,"label":"C\u00e1psulas de hierbas"},{"value":3479,"label":"cola de caballo cola de caballo"},{"value":3393,"label":"Diente de le\u00f3n"},{"value":3485,"label":"el mejor t\u00e9 para los ri\u00f1ones y la vejiga; curaci\u00f3n natural"},{"value":3481,"label":"hierba buena"},{"value":3386,"label":"Hierbas medicinales"},{"value":3484,"label":"hireba para rinones"},{"value":3396,"label":"infusiones"},{"value":3400,"label":"ingredientes naturales hierbas naturales"},{"value":3399,"label":"medicina popular"},{"value":3398,"label":"mezclas de hierbas"},{"value":3465,"label":"Pinguica"},{"value":3395,"label":"remedios herbales"},{"value":3471,"label":"rinodetox"},{"value":3473,"label":"rinodetox c\u00e1psulas"},{"value":3397,"label":"suplementos de hierbas"},{"value":3474,"label":"suplementos rinodetox"},{"value":3477,"label":"t\u00e9 de hierbas renales"},{"value":3482,"label":"t\u00e9 depurativo renal"},{"value":3475,"label":"t\u00e9 rinodetox"},{"value":3476,"label":"tisana de ri\u00f1\u00f3n"},{"value":3466,"label":"tisana para los ri\u00f1ones"},{"value":3478,"label":"uva ursi"}]},"featured_image_src_large":["https:\/\/texmexcurios.com\/wp-content\/uploads\/2025\/04\/Betel-Natural-Rinodetox.jpg",1000,1000,false],"author_info":[],"comment_info":0,"_links":{"self":[{"href":"https:\/\/texmexcurios.com\/es\/wp-json\/wp\/v2\/product\/17273","targetHints":{"allow":["GET"]}}],"collection":[{"href":"https:\/\/texmexcurios.com\/es\/wp-json\/wp\/v2\/product"}],"about":[{"href":"https:\/\/texmexcurios.com\/es\/wp-json\/wp\/v2\/types\/product"}],"replies":[{"embeddable":true,"href":"https:\/\/texmexcurios.com\/es\/wp-json\/wp\/v2\/comments?post=17273"}],"wp:featuredmedia":[{"embeddable":true,"href":"https:\/\/texmexcurios.com\/es\/wp-json\/wp\/v2\/media\/16403"}],"wp:attachment":[{"href":"https:\/\/texmexcurios.com\/es\/wp-json\/wp\/v2\/media?parent=17273"}],"wp:term":[{"taxonomy":"product_brand","embeddable":true,"href":"https:\/\/texmexcurios.com\/es\/wp-json\/wp\/v2\/product_brand?post=17273"},{"taxonomy":"product_cat","embeddable":true,"href":"https:\/\/texmexcurios.com\/es\/wp-json\/wp\/v2\/product_cat?post=17273"},{"taxonomy":"product_tag","embeddable":true,"href":"https:\/\/texmexcurios.com\/es\/wp-json\/wp\/v2\/product_tag?post=17273"}],"curies":[{"name":"wp","href":"https:\/\/api.w.org\/{rel}","templated":true}]}}