{"id":17271,"date":"2025-04-18T09:03:49","date_gmt":"2025-04-18T14:03:49","guid":{"rendered":"https:\/\/texmexcurios.com\/betel-natural-colestodown\/"},"modified":"2025-04-18T09:03:49","modified_gmt":"2025-04-18T14:03:49","slug":"betel-natural-colestodown","status":"publish","type":"product","link":"https:\/\/texmexcurios.com\/es\/producto\/betel-natural-colestodown\/","title":{"rendered":"Betel Natural Colestodown"},"content":{"rendered":"<p><strong>Informaci\u00f3n sobre Colestodown y Colestomax<\/strong><\/p>\n<p><strong>Betel Natural Colestomax<\/strong><br \/>\nBeneficios naturales para la salud: Promueve niveles saludables de colesterol; Contiene omega 3; Apoyo contra enfermedades card\u00edacas.<br \/>\nBeneficios naturales para la salud: Promueve niveles saludables de colesterol; Contiene omega 3; Apoyo contra enfermedades card\u00edacas.<\/p>\n<p>Ingredientes: Aceite de pescado en polvo, extracto de alcachofa, ajo, te verde, extracto de t\u00e9 verde, levadura de arroz.  <\/p>\n<p><strong>Betel Natural Colestodown<\/strong><br \/>\nBeneficios naturales para la salud: Regula los niveles de colesterol de forma natural; contiene omega 3 y propiedades antiinflamatorias.<br \/>\nBeneficios naturales para la salud: Regula los niveles de colesterol de forma natural; contiene omega 3 y propiedades antiinflamatorias. Ayuda a combatir las enfermedades card\u00edacas. <\/p>\n<p>Ingredientes: Hierba de sapo diente de le\u00f3n, te verde, omega 3, t\u00e9 verde<\/p>\n<p>24 bolsitas de t\u00e9 por caja<br \/>\n90 c\u00e1psulas<\/p>\n<p>Dosis recomendada para el t\u00e9 1 bolsita de t\u00e9 al d\u00eda<br \/>\nDosis recomendada para c\u00e1psulas: 3 c\u00e1psulas al d\u00eda con las comidas<br \/>\nDosis combinada recomendada: Seg\u00fan tu estilo de vida, toma las c\u00e1psulas como se recomienda o el t\u00e9 como se recomienda<\/p>\n","protected":false},"excerpt":{"rendered":"<p>Regula los niveles de colesterol<\/p>\n","protected":false},"featured_media":16415,"comment_status":"open","ping_status":"closed","template":"","meta":{"_kad_blocks_custom_css":"","_kad_blocks_head_custom_js":"","_kad_blocks_body_custom_js":"","_kad_blocks_footer_custom_js":"","_kad_post_transparent":"","_kad_post_title":"","_kad_post_layout":"","_kad_post_sidebar_id":"","_kad_post_content_style":"","_kad_post_vertical_padding":"","_kad_post_feature":"","_kad_post_feature_position":"","_kad_post_header":false,"_kad_post_footer":false,"_kad_post_classname":""},"product_brand":[],"product_cat":[3380],"product_tag":[3452,3440,3442,3450,3382,3444,3446,3394,3393,3438,3463,3386,3396,3400,3399,3398,3458,3403,3461,3457,3395,3397,3448,3460,3455,3464,3462],"class_list":{"0":"post-17271","1":"product","2":"type-product","3":"status-publish","4":"has-post-thumbnail","6":"product_cat-remedios-a-base-de-plantas","7":"product_tag-aceite-de-pescado","8":"product_tag-betel-natural-colestodown","9":"product_tag-betel-natural-colestomax","10":"product_tag-capsulas-de-colesterol","11":"product_tag-capsulas-de-hierbas","12":"product_tag-colestodown","13":"product_tag-colestomax","14":"product_tag-curacion-natural","15":"product_tag-diente-de-leon","16":"product_tag-hierba-de-sapo","17":"product_tag-hierba-para-el-colesterol","18":"product_tag-hierbas-medicinales","19":"product_tag-infusiones","20":"product_tag-ingredientes-naturales-hierbas-naturales","21":"product_tag-medicina-popular","22":"product_tag-mezclas-de-hierbas","23":"product_tag-niveles-de-colesterol","24":"product_tag-omega-3","25":"product_tag-reduce-el-colesterol-de-forma-natural","26":"product_tag-reducir-el-colesterol","27":"product_tag-remedios-herbales","28":"product_tag-suplementos-de-hierbas","29":"product_tag-suplementos-para-el-colesterol","30":"product_tag-suplementos-para-reducir-el-colesterol","31":"product_tag-suplementos-reductores-del-colesterol","32":"product_tag-te-para-bajar-el-colesterol","33":"product_tag-te-verde","34":"product_shipping_class-tarifa-plana-3","36":"first","37":"instock","38":"shipping-taxable","39":"purchasable","40":"product-type-simple","41":"entry","42":"content-bg","43":"loop-entry"},"taxonomy_info":{"product_cat":[{"value":3380,"label":"Remedios a base de plantas"}],"product_tag":[{"value":3452,"label":"aceite de pescado"},{"value":3440,"label":"betel natural colestodown"},{"value":3442,"label":"betel natural colestomax"},{"value":3450,"label":"c\u00e1psulas de colesterol"},{"value":3382,"label":"C\u00e1psulas de hierbas"},{"value":3444,"label":"colestodown"},{"value":3446,"label":"colestomax"},{"value":3394,"label":"curaci\u00f3n natural"},{"value":3393,"label":"Diente de le\u00f3n"},{"value":3438,"label":"Hierba de Sapo"},{"value":3463,"label":"hierba para el colesterol"},{"value":3386,"label":"Hierbas medicinales"},{"value":3396,"label":"infusiones"},{"value":3400,"label":"ingredientes naturales hierbas naturales"},{"value":3399,"label":"medicina popular"},{"value":3398,"label":"mezclas de hierbas"},{"value":3458,"label":"niveles de colesterol"},{"value":3403,"label":"omega 3"},{"value":3461,"label":"reduce el colesterol de forma natural"},{"value":3457,"label":"reducir el colesterol"},{"value":3395,"label":"remedios herbales"},{"value":3397,"label":"suplementos de hierbas"},{"value":3448,"label":"suplementos para el colesterol"},{"value":3460,"label":"suplementos para reducir el colesterol"},{"value":3455,"label":"suplementos reductores del colesterol"},{"value":3464,"label":"te para bajar el colesterol"},{"value":3462,"label":"te verde"}]},"featured_image_src_large":["https:\/\/texmexcurios.com\/wp-content\/uploads\/2025\/04\/Betel-colestodown.jpg",1000,1000,false],"author_info":[],"comment_info":0,"_links":{"self":[{"href":"https:\/\/texmexcurios.com\/es\/wp-json\/wp\/v2\/product\/17271","targetHints":{"allow":["GET"]}}],"collection":[{"href":"https:\/\/texmexcurios.com\/es\/wp-json\/wp\/v2\/product"}],"about":[{"href":"https:\/\/texmexcurios.com\/es\/wp-json\/wp\/v2\/types\/product"}],"replies":[{"embeddable":true,"href":"https:\/\/texmexcurios.com\/es\/wp-json\/wp\/v2\/comments?post=17271"}],"wp:featuredmedia":[{"embeddable":true,"href":"https:\/\/texmexcurios.com\/es\/wp-json\/wp\/v2\/media\/16415"}],"wp:attachment":[{"href":"https:\/\/texmexcurios.com\/es\/wp-json\/wp\/v2\/media?parent=17271"}],"wp:term":[{"taxonomy":"product_brand","embeddable":true,"href":"https:\/\/texmexcurios.com\/es\/wp-json\/wp\/v2\/product_brand?post=17271"},{"taxonomy":"product_cat","embeddable":true,"href":"https:\/\/texmexcurios.com\/es\/wp-json\/wp\/v2\/product_cat?post=17271"},{"taxonomy":"product_tag","embeddable":true,"href":"https:\/\/texmexcurios.com\/es\/wp-json\/wp\/v2\/product_tag?post=17271"}],"curies":[{"name":"wp","href":"https:\/\/api.w.org\/{rel}","templated":true}]}}