{"id":17269,"date":"2025-04-18T08:50:59","date_gmt":"2025-04-18T13:50:59","guid":{"rendered":"https:\/\/texmexcurios.com\/betel-natural-maca\/"},"modified":"2025-04-18T08:50:59","modified_gmt":"2025-04-18T13:50:59","slug":"betel-natural-maca","status":"publish","type":"product","link":"https:\/\/texmexcurios.com\/es\/producto\/betel-natural-maca\/","title":{"rendered":"Betel Natural Maca"},"content":{"rendered":"<p>Betel Natural Maca<br \/>\nBeneficios naturales para la salud: Ayuda a promover una libido sana y energ\u00eda; potenciador del rendimiento sexual y apoyo en la menopausia. Rica en antioxidantes, prote\u00ednas y vitaminas<br \/>\nIngredientes: Ra\u00edz de maca ecol\u00f3gica<br \/>\nBeneficios naturales para la salud: Ayuda a promover una libido y energ\u00eda saludables; potencia el rendimiento sexual y favorece la menopausia. Rico en antioxidantes, prote\u00ednas y vitaminas.  <\/p>\n<p>24 bolsitas de t\u00e9 por caja<br \/>\n90 c\u00e1psulas<\/p>\n<p>Dosis recomendada para el t\u00e9: 1 bolsita de t\u00e9 al d\u00eda<br \/>\nDosis recomendada para c\u00e1psulas: 3 c\u00e1psulas al d\u00eda con las comidas<br \/>\nDosis combinada recomendada: Seg\u00fan tu estilo de vida, toma las c\u00e1psulas como se recomienda o el t\u00e9 como se recomienda.<\/p>\n","protected":false},"excerpt":{"rendered":"<p>Apoyo a la vitalidad sexual masculina<\/p>\n","protected":false},"featured_media":16405,"comment_status":"open","ping_status":"closed","template":"","meta":{"_kad_blocks_custom_css":"","_kad_blocks_head_custom_js":"","_kad_blocks_body_custom_js":"","_kad_blocks_footer_custom_js":"","_kad_post_transparent":"","_kad_post_title":"","_kad_post_layout":"","_kad_post_sidebar_id":"","_kad_post_content_style":"","_kad_post_vertical_padding":"","_kad_post_feature":"","_kad_post_feature_position":"","_kad_post_header":false,"_kad_post_footer":false,"_kad_post_classname":""},"product_brand":[],"product_cat":[3380],"product_tag":[3454,3451,3453,3437,3434,3433,3382,3439,3459,3386,3432,3396,3431,3436,3435,3399,3398,3449,3441,3395,3447,3397,3445,3443,3456],"class_list":{"0":"post-17269","1":"product","2":"type-product","3":"status-publish","4":"has-post-thumbnail","6":"product_cat-remedios-a-base-de-plantas","7":"product_tag-beneficios-de-la-maca-para-el-hombre-maca-ecologica-tes-para-aumentar-la-libido","8":"product_tag-beneficios-de-la-maca-para-la-salud","9":"product_tag-beneficios-de-la-maca-para-las-mujeres","10":"product_tag-beneficios-del-te-de-maca","11":"product_tag-betel-maca","12":"product_tag-betel-maca-natural","13":"product_tag-capsulas-de-hierbas","14":"product_tag-capsulas-de-maca","15":"product_tag-hierba-para-potencia-sexual","16":"product_tag-hierbas-medicinales","17":"product_tag-hierbas-naturales","18":"product_tag-infusiones","19":"product_tag-ingredientes-naturales","20":"product_tag-maca","21":"product_tag-maca-peruana","22":"product_tag-medicina-popular","23":"product_tag-mezclas-de-hierbas","24":"product_tag-para-que-sirve-la-maca","25":"product_tag-raiz-de-maca","26":"product_tag-remedios-herbales","27":"product_tag-suplemento-herbal-de-maca","28":"product_tag-suplementos-de-hierbas","29":"product_tag-te-de-raiz-de-maca","30":"product_tag-te-maca","31":"product_tag-tes-para-potenciar-el-apetito-curacion-natural","32":"product_shipping_class-tarifa-plana-3","34":"first","35":"instock","36":"shipping-taxable","37":"purchasable","38":"product-type-simple","39":"entry","40":"content-bg","41":"loop-entry"},"taxonomy_info":{"product_cat":[{"value":3380,"label":"Remedios a base de plantas"}],"product_tag":[{"value":3454,"label":"beneficios de la maca para el hombre; maca ecol\u00f3gica; t\u00e9s para aumentar la libido"},{"value":3451,"label":"beneficios de la maca para la salud"},{"value":3453,"label":"beneficios de la maca para las mujeres"},{"value":3437,"label":"beneficios del t\u00e9 de maca"},{"value":3434,"label":"betel maca"},{"value":3433,"label":"betel maca natural"},{"value":3382,"label":"C\u00e1psulas de hierbas"},{"value":3439,"label":"c\u00e1psulas de maca"},{"value":3459,"label":"hierba para potencia sexual"},{"value":3386,"label":"Hierbas medicinales"},{"value":3432,"label":"hierbas naturales"},{"value":3396,"label":"infusiones"},{"value":3431,"label":"ingredientes naturales"},{"value":3436,"label":"maca"},{"value":3435,"label":"maca peruana"},{"value":3399,"label":"medicina popular"},{"value":3398,"label":"mezclas de hierbas"},{"value":3449,"label":"para qu\u00e9 sirve la maca"},{"value":3441,"label":"ra\u00edz de maca"},{"value":3395,"label":"remedios herbales"},{"value":3447,"label":"suplemento herbal de maca"},{"value":3397,"label":"suplementos de hierbas"},{"value":3445,"label":"t\u00e9 de ra\u00edz de maca"},{"value":3443,"label":"te maca"},{"value":3456,"label":"t\u00e9s para potenciar el apetito; curaci\u00f3n natural"}]},"featured_image_src_large":["https:\/\/texmexcurios.com\/wp-content\/uploads\/2025\/04\/Betel-Natural-Maca.jpg",1000,1000,false],"author_info":[],"comment_info":0,"_links":{"self":[{"href":"https:\/\/texmexcurios.com\/es\/wp-json\/wp\/v2\/product\/17269","targetHints":{"allow":["GET"]}}],"collection":[{"href":"https:\/\/texmexcurios.com\/es\/wp-json\/wp\/v2\/product"}],"about":[{"href":"https:\/\/texmexcurios.com\/es\/wp-json\/wp\/v2\/types\/product"}],"replies":[{"embeddable":true,"href":"https:\/\/texmexcurios.com\/es\/wp-json\/wp\/v2\/comments?post=17269"}],"wp:featuredmedia":[{"embeddable":true,"href":"https:\/\/texmexcurios.com\/es\/wp-json\/wp\/v2\/media\/16405"}],"wp:attachment":[{"href":"https:\/\/texmexcurios.com\/es\/wp-json\/wp\/v2\/media?parent=17269"}],"wp:term":[{"taxonomy":"product_brand","embeddable":true,"href":"https:\/\/texmexcurios.com\/es\/wp-json\/wp\/v2\/product_brand?post=17269"},{"taxonomy":"product_cat","embeddable":true,"href":"https:\/\/texmexcurios.com\/es\/wp-json\/wp\/v2\/product_cat?post=17269"},{"taxonomy":"product_tag","embeddable":true,"href":"https:\/\/texmexcurios.com\/es\/wp-json\/wp\/v2\/product_tag?post=17269"}],"curies":[{"name":"wp","href":"https:\/\/api.w.org\/{rel}","templated":true}]}}