{"id":17267,"date":"2025-06-10T00:23:58","date_gmt":"2025-06-10T05:23:58","guid":{"rendered":"https:\/\/texmexcurios.com\/set-de-amuleto-y-spray-de-perfume-gato-de-la-suerte\/"},"modified":"2026-04-01T08:34:01","modified_gmt":"2026-04-01T13:34:01","slug":"set-de-amuleto-y-spray-de-perfume-gato-de-la-suerte","status":"publish","type":"product","link":"https:\/\/texmexcurios.com\/es\/producto\/set-de-amuleto-y-spray-de-perfume-gato-de-la-suerte\/","title":{"rendered":"Set de amuleto y spray de perfume Gato de la Suerte"},"content":{"rendered":"<h3>Set de amuleto y spray de perfume Gato de la Suerte<\/h3>\n<p>Bolsa de mojo espiritual arreglada con hierbas m\u00e1gicas, aceites espirituales y cristales curativos. Lleva una bolsa de mojo y usa spray a diario.  Potente ritual para tener suerte r\u00e1pidamente en los juegos de casino, bingo, juegos de cartas, suerte en la loter\u00eda y apuestas deportivas.<\/p>\n<ul>\n<li>Amuleto tradicional mexicano de la buena suerte<\/li>\n<li>Perfume en spray Lucky Cat 1 oz. <\/li>\n<li>Pulveriza y reza<\/li>\n<li>Hecho a mano y tama\u00f1o monedero<\/li>\n<li>Ver las instrucciones a continuaci\u00f3n<\/li>\n<\/ul>\n<p>Paso 1<br \/>\nEmpa\u00f1a ambas manos y cierra los ojos; medita y visualiza lo que quieres que ocurra. Hazlo a diario y reza tambi\u00e9n tu oraci\u00f3n favorita. <\/p>\n<p>Paso 2<br \/>\nRoc\u00eda el saquito y ll\u00e9valo en el bolso o en el bolsillo todos los d\u00edas. Vaporiza el saquito una vez a la semana.<br \/>\n( Para obtener resultados m\u00e1s potentes, quema 3 velas Gato de la Suerte)<\/p>\n","protected":false},"excerpt":{"rendered":"<p>Amuleto de la buena suerte<\/p>\n","protected":false},"featured_media":17270,"comment_status":"open","ping_status":"closed","template":"","meta":{"_kad_blocks_custom_css":"","_kad_blocks_head_custom_js":"","_kad_blocks_body_custom_js":"","_kad_blocks_footer_custom_js":"","_kad_post_transparent":"","_kad_post_title":"","_kad_post_layout":"","_kad_post_sidebar_id":"","_kad_post_content_style":"","_kad_post_vertical_padding":"","_kad_post_feature":"","_kad_post_feature_position":"","_kad_post_header":false,"_kad_post_footer":false,"_kad_post_classname":""},"product_brand":[],"product_cat":[3121,3171],"product_tag":[3389,3387,3425,3379,3385,3391,3426,3429,3428,3424,3430,3427,3421,3341,3204,3423],"class_list":{"0":"post-17267","1":"product","2":"type-product","3":"status-publish","4":"has-post-thumbnail","6":"product_cat-multiplica-tu-dinero","7":"product_cat-gana-al-juego","8":"product_tag-amuleto-de-la-buena-suerte-para-el-dinero","9":"product_tag-amuletos-de-la-buena-suerte","10":"product_tag-atraer-dinero-perfume","11":"product_tag-bolsa-mojo","12":"product_tag-bolsa-mojo-dinero","13":"product_tag-cual-es-el-amuleto-de-la-suerte","14":"product_tag-hechizo-del-dinero","15":"product_tag-mejor-perfume-para-atraer-el-dinero","16":"product_tag-perfume-de-juego","17":"product_tag-perfume-gato-de-la-suerte","18":"product_tag-perfume-gato-de-la-suerte-por-dinero","19":"product_tag-perfume-money-draw","20":"product_tag-perfume-para-dibujar-dinero","21":"product_tag-productos-metafisicos","22":"product_tag-rituales-de-juego","23":"product_tag-ven-dinero","24":"product_shipping_class-tarifa-plana-3","26":"first","27":"instock","28":"taxable","29":"shipping-taxable","30":"purchasable","31":"product-type-simple","32":"entry","33":"content-bg","34":"loop-entry"},"taxonomy_info":{"product_cat":[{"value":3121,"label":"Multiplica tu dinero"},{"value":3171,"label":"Gana al juego"}],"product_tag":[{"value":3389,"label":"amuleto de la buena suerte para el dinero"},{"value":3387,"label":"amuletos de la buena suerte"},{"value":3425,"label":"atraer dinero perfume"},{"value":3379,"label":"bolsa mojo"},{"value":3385,"label":"bolsa mojo dinero"},{"value":3391,"label":"cu\u00e1l es el amuleto de la suerte"},{"value":3426,"label":"hechizo del dinero"},{"value":3429,"label":"mejor perfume para atraer el dinero"},{"value":3428,"label":"perfume de juego"},{"value":3424,"label":"perfume gato de la suerte"},{"value":3430,"label":"perfume gato de la suerte por dinero"},{"value":3427,"label":"perfume money draw"},{"value":3421,"label":"Perfume para Dibujar Dinero"},{"value":3341,"label":"productos metaf\u00edsicos"},{"value":3204,"label":"rituales de juego"},{"value":3423,"label":"Ven Dinero"}]},"featured_image_src_large":["https:\/\/texmexcurios.com\/wp-content\/uploads\/2025\/06\/Lucky-Cat-Amulet-and-Perfume-Spray-Set-1000.jpg",1000,1000,false],"author_info":[],"comment_info":0,"_links":{"self":[{"href":"https:\/\/texmexcurios.com\/es\/wp-json\/wp\/v2\/product\/17267","targetHints":{"allow":["GET"]}}],"collection":[{"href":"https:\/\/texmexcurios.com\/es\/wp-json\/wp\/v2\/product"}],"about":[{"href":"https:\/\/texmexcurios.com\/es\/wp-json\/wp\/v2\/types\/product"}],"replies":[{"embeddable":true,"href":"https:\/\/texmexcurios.com\/es\/wp-json\/wp\/v2\/comments?post=17267"}],"wp:featuredmedia":[{"embeddable":true,"href":"https:\/\/texmexcurios.com\/es\/wp-json\/wp\/v2\/media\/17270"}],"wp:attachment":[{"href":"https:\/\/texmexcurios.com\/es\/wp-json\/wp\/v2\/media?parent=17267"}],"wp:term":[{"taxonomy":"product_brand","embeddable":true,"href":"https:\/\/texmexcurios.com\/es\/wp-json\/wp\/v2\/product_brand?post=17267"},{"taxonomy":"product_cat","embeddable":true,"href":"https:\/\/texmexcurios.com\/es\/wp-json\/wp\/v2\/product_cat?post=17267"},{"taxonomy":"product_tag","embeddable":true,"href":"https:\/\/texmexcurios.com\/es\/wp-json\/wp\/v2\/product_tag?post=17267"}],"curies":[{"name":"wp","href":"https:\/\/api.w.org\/{rel}","templated":true}]}}