{"id":17216,"date":"2024-07-21T09:19:28","date_gmt":"2024-07-21T14:19:28","guid":{"rendered":"https:\/\/texmexcurios.com\/set-de-vela-y-spray-7-arcangeles\/"},"modified":"2026-03-25T11:28:57","modified_gmt":"2026-03-25T16:28:57","slug":"set-de-vela-y-spray-7-arcangeles","status":"publish","type":"product","link":"https:\/\/texmexcurios.com\/es\/producto\/set-de-vela-y-spray-7-arcangeles\/","title":{"rendered":"Set de Vela y Spray 7 Arc\u00e1ngeles"},"content":{"rendered":"<p>Set de Vela y Spray de los 7 Arc\u00e1ngeles. Enciende una vela de los 7 Arc\u00e1ngeles y roc\u00edala con el spray perfumado diariamente, ellos interceder\u00e1n y te conceder\u00e1n a ti y a tu familia buena salud y bendiciones.  Las velas espirituales se fijan con hierbas m\u00e1gicas, aceites espirituales y cristales curativos.<\/p>\n<ul>\n<li>Conc\u00e9dete a ti y a tu familia buena salud y bendiciones<\/li>\n<li>Vela de oraci\u00f3n inspirada en \u00e1ngeles y santos<\/li>\n<li>2 oz. spray <\/li>\n<li>Pulveriza y reza<\/li>\n<li>Vela sin aroma<\/li>\n<\/ul>\n<p>PASO 1<br \/>\nRoc\u00eda diariamente la entrada de tu casa o negocio con el spray de los 7 Arc\u00e1ngeles. Roc\u00eda tu cuerpo con el spray a diario.<br \/>\nPASO 2<br \/>\nEscribe tu petici\u00f3n, tus deseos y lo que quieres recibir en el papel de pergamino situado sobre la vela. Puedes utilizar ambas caras del papel.  <\/p>\n<p>A continuaci\u00f3n encontrar\u00e1s ejemplos de lo que puedes escribir en tu papel de pergamino para cada vela, que pueden aplicarse o no a tu situaci\u00f3n y sirven s\u00f3lo como gu\u00eda. En \u00faltima instancia, escribe tu intenci\u00f3n y lo que quieres recibir.<br \/>\nPor ejemplo: (7 Arc\u00e1ngeles, interv\u00e9n y abre las puertas a la prosperidad). (Arc\u00e1ngeles poderosos, proteged a mi familia y devolvedle la alegr\u00eda). Incluye el nombre de tu familia. 7 Arc\u00e1ngeles, conc\u00e9deme buena suerte, buena salud y alegr\u00eda) Incluye tu nombre y D.O.B.    <\/p>\n<p>Nota: Puedes incluir en el papel de pergamino detalles como el nombre o nombres, fecha(s) de nacimiento, direcciones, n\u00fameros importantes, lo que creas que est\u00e1 relacionado con tu intenci\u00f3n.<\/p>\n<p>PASO 3<br \/>\nDobla el papel de pergamino 2 veces y col\u00f3calo debajo de la vela.<br \/>\nPASO 4<br \/>\nEnciende la vela de los 7 Arc\u00e1ngeles, medita y visualiza lo que quieres que ocurra. Recita la oraci\u00f3n a diario.<br \/>\n<strong>(Nota: Para obtener resultados m\u00e1s potentes, quema una serie de 3 velas de los Siete Arc\u00e1ngeles)<\/strong><\/p>\n","protected":false},"excerpt":{"rendered":"<p>Concede bendiciones familiares<\/p>\n","protected":false},"featured_media":17217,"comment_status":"open","ping_status":"closed","template":"","meta":{"_kad_blocks_custom_css":"","_kad_blocks_head_custom_js":"","_kad_blocks_body_custom_js":"","_kad_blocks_footer_custom_js":"","_kad_post_transparent":"","_kad_post_title":"","_kad_post_layout":"","_kad_post_sidebar_id":"","_kad_post_content_style":"","_kad_post_vertical_padding":"","_kad_post_feature":"","_kad_post_feature_position":"","_kad_post_header":false,"_kad_post_footer":false,"_kad_post_classname":""},"product_brand":[],"product_cat":[3142],"product_tag":[3145,3160,3166,3156,3307,3153,3303,3150,3163,3162,3305,3161,3139,3165,3144,3107,3155,3105,3157,3103,3104,3159,3164,3132,3310],"class_list":{"0":"post-17216","1":"product","2":"type-product","3":"status-publish","4":"has-post-thumbnail","6":"product_cat-bendiciones-para-el-hogar","7":"product_tag-7-arcangeles","8":"product_tag-7-arcangeles-de-dios","9":"product_tag-7-arcangeles-de-dios-2","10":"product_tag-7-nombres-y-significados-de-los-arcangeles","11":"product_tag-7-perfume-de-arcangel","12":"product_tag-7-rituales-de-arcangeles","13":"product_tag-aceites-espirituales-y-cristales-curativos","14":"product_tag-concede-bendiciones-familiares","15":"product_tag-los-siete-arcangeles-y-sus-funciones","16":"product_tag-rituales-de-los-7-arcangeles","17":"product_tag-set-de-vela-y-spray-7-arcangeles","18":"product_tag-vela-7-arcangeles","19":"product_tag-vela-de-7-dias","20":"product_tag-vela-de-7-dias-de-los-siete-arcangeles","21":"product_tag-vela-de-los-7-arcangeles","22":"product_tag-velas-curativas","23":"product_tag-velas-de-bendicion","24":"product_tag-velas-de-oracion-mexicanas","25":"product_tag-velas-de-salud","26":"product_tag-velas-de-santo-mexicano","27":"product_tag-velas-espirituales","28":"product_tag-velas-milagrosas","29":"product_tag-velas-para-la-salud","30":"product_tag-velas-rituales","31":"product_tag-velascompuesta","32":"product_shipping_class-tarifa-plana-4","34":"first","35":"instock","36":"taxable","37":"shipping-taxable","38":"purchasable","39":"product-type-simple","40":"entry","41":"content-bg","42":"loop-entry"},"taxonomy_info":{"product_cat":[{"value":3142,"label":"Bendiciones para el hogar"}],"product_tag":[{"value":3145,"label":"7 Arc\u00e1ngeles"},{"value":3160,"label":"7 Arc\u00e1ngeles de dios"},{"value":3166,"label":"7 Arc\u00e1ngeles de dios"},{"value":3156,"label":"7 Nombres y significados de los Arc\u00e1ngeles"},{"value":3307,"label":"7 Perfume de Arc\u00e1ngel"},{"value":3153,"label":"7 Rituales de Arc\u00e1ngeles"},{"value":3303,"label":"aceites espirituales y cristales curativos"},{"value":3150,"label":"Concede bendiciones familiares"},{"value":3163,"label":"Los siete Arc\u00e1ngeles y sus funciones"},{"value":3162,"label":"Rituales de los 7 Arc\u00e1ngeles"},{"value":3305,"label":"Set de Vela y Spray 7 Arc\u00e1ngeles"},{"value":3161,"label":"vela 7 Arc\u00e1ngeles"},{"value":3139,"label":"Vela de 7 d\u00edas"},{"value":3165,"label":"Vela de 7 d\u00edas de los Siete Arc\u00e1ngeles"},{"value":3144,"label":"Vela de los 7 Arc\u00e1ngeles"},{"value":3107,"label":"velas curativas"},{"value":3155,"label":"velas de bendici\u00f3n"},{"value":3105,"label":"Velas de oraci\u00f3n mexicanas"},{"value":3157,"label":"velas de salud"},{"value":3103,"label":"Velas de santo mexicano"},{"value":3104,"label":"Velas espirituales"},{"value":3159,"label":"velas milagrosas"},{"value":3164,"label":"velas para la salud"},{"value":3132,"label":"velas rituales"},{"value":3310,"label":"velascompuesta"}]},"featured_image_src_large":["https:\/\/texmexcurios.com\/wp-content\/uploads\/2024\/07\/7-Archangels-spray-and-candle-set-1000.jpg",1000,1000,false],"author_info":[],"comment_info":0,"_links":{"self":[{"href":"https:\/\/texmexcurios.com\/es\/wp-json\/wp\/v2\/product\/17216","targetHints":{"allow":["GET"]}}],"collection":[{"href":"https:\/\/texmexcurios.com\/es\/wp-json\/wp\/v2\/product"}],"about":[{"href":"https:\/\/texmexcurios.com\/es\/wp-json\/wp\/v2\/types\/product"}],"replies":[{"embeddable":true,"href":"https:\/\/texmexcurios.com\/es\/wp-json\/wp\/v2\/comments?post=17216"}],"wp:featuredmedia":[{"embeddable":true,"href":"https:\/\/texmexcurios.com\/es\/wp-json\/wp\/v2\/media\/17217"}],"wp:attachment":[{"href":"https:\/\/texmexcurios.com\/es\/wp-json\/wp\/v2\/media?parent=17216"}],"wp:term":[{"taxonomy":"product_brand","embeddable":true,"href":"https:\/\/texmexcurios.com\/es\/wp-json\/wp\/v2\/product_brand?post=17216"},{"taxonomy":"product_cat","embeddable":true,"href":"https:\/\/texmexcurios.com\/es\/wp-json\/wp\/v2\/product_cat?post=17216"},{"taxonomy":"product_tag","embeddable":true,"href":"https:\/\/texmexcurios.com\/es\/wp-json\/wp\/v2\/product_tag?post=17216"}],"curies":[{"name":"wp","href":"https:\/\/api.w.org\/{rel}","templated":true}]}}