{"id":17215,"date":"2024-07-25T02:30:41","date_gmt":"2024-07-25T07:30:41","guid":{"rendered":"https:\/\/texmexcurios.com\/conjunto-de-estatuas-de-san-jose\/"},"modified":"2024-07-25T02:30:41","modified_gmt":"2024-07-25T07:30:41","slug":"conjunto-de-estatuas-de-san-jose","status":"publish","type":"product","link":"https:\/\/texmexcurios.com\/es\/producto\/conjunto-de-estatuas-de-san-jose\/","title":{"rendered":"Conjunto de estatuas de San Jos\u00e9"},"content":{"rendered":"<p>Conjunto de estatuas de San Jos\u00e9. Kit de ritual de San Jos\u00e9 para vendedor de vivienda para comprar o vender una casa con instrucciones. Este ritual con velas tambi\u00e9n conceder\u00e1 ayuda para la vivienda, comprobaciones de cr\u00e9dito positivas, aprobaci\u00f3n de hipotecas y apoyo financiero. La vela espiritual se fija con hierbas m\u00e1gicas, aceites espirituales y cristales curativos.   <\/p>\n<ul>\n<li>Popular entre agentes y corredores inmobiliarios<\/li>\n<li>Aprobaci\u00f3n de la hipoteca y apoyo financiero<\/li>\n<li>Kit ritual del vendedor de viviendas de San Jos\u00e9<\/li>\n<li>El set incluye una vela y una estatua de 20 cm<\/li>\n<li>Ver instrucciones<\/li>\n<\/ul>\n<p><strong>M\u00e9todos de uso &#8211; (Si intentas vender una vivienda)<\/strong><\/p>\n<p>Paso 1<br \/>\nEntierra la estatua boca abajo en el patio delantero mirando hacia la casa. Reza la oraci\u00f3n de San Jos\u00e9 incluida en el kit y reza para obtener resultados positivos. <\/p>\n<p>Paso 2<br \/>\nEnciende la vela de San Jos\u00e9 y reza la oraci\u00f3n diariamente. (Contin\u00faa encendiendo velas de San Jos\u00e9 hasta que alcances tu objetivo) <\/p>\n<p>Paso 3<br \/>\nUna vez que vendas la casa, retira la estatua del jard\u00edn, ll\u00e9vala a tu nueva casa y col\u00f3cala en un lugar especial.<\/p>\n<p><strong>M\u00e9todo de uso &#8211; (Si buscas un cr\u00e9dito positivo, la aprobaci\u00f3n de una solicitud de apartamento o ayuda financiera para comprar una casa, haz lo siguiente).<\/strong><\/p>\n<p>Paso 1<br \/>\nColoca la estatua de San Jos\u00e9 en un lugar especial de tu casa y enciende la vela<\/p>\n<p>Paso 2<br \/>\nReza diariamente la oraci\u00f3n de San Jos\u00e9 incluida en el kit y conc\u00e9ntrate en lo que quieres que ocurra.<br \/>\n(Contin\u00faa quemando velas de San Jos\u00e9 hasta que alcances tu objetivo)<\/p>\n","protected":false},"excerpt":{"rendered":"<p>Kit para el vendedor de viviendas<\/p>\n","protected":false},"featured_media":14702,"comment_status":"open","ping_status":"closed","template":"","meta":{"_kad_blocks_custom_css":"","_kad_blocks_head_custom_js":"","_kad_blocks_body_custom_js":"","_kad_blocks_footer_custom_js":"","_kad_post_transparent":"","_kad_post_title":"","_kad_post_layout":"","_kad_post_sidebar_id":"","_kad_post_content_style":"","_kad_post_vertical_padding":"","_kad_post_feature":"","_kad_post_feature_position":"","_kad_post_header":false,"_kad_post_footer":false,"_kad_post_classname":""},"product_brand":[],"product_cat":[3121],"product_tag":[3306,3308,3309,3311,3134,3301,3130,3312,3304,3105,3103,3140],"class_list":{"0":"post-17215","1":"product","2":"type-product","3":"status-publish","4":"has-post-thumbnail","6":"product_cat-multiplica-tu-dinero","7":"product_tag-estatua-de-san-jose","8":"product_tag-inmobiliaria-saint-joseph","9":"product_tag-inmobiliaria-st-joseph","10":"product_tag-oracion-a-san-jose-al-vender-una-casa","11":"product_tag-rituales-del-dinero","12":"product_tag-san-jose","13":"product_tag-vela-compuesta","14":"product_tag-vela-fija-san-jose","15":"product_tag-vela-san-jose","16":"product_tag-velas-de-oracion-mexicanas","17":"product_tag-velas-de-santo-mexicano","18":"product_tag-velas-para-dibujar-dinero","19":"product_shipping_class-tarifa-plana-3","21":"first","22":"instock","23":"taxable","24":"shipping-taxable","25":"purchasable","26":"product-type-simple","27":"entry","28":"content-bg","29":"loop-entry"},"taxonomy_info":{"product_cat":[{"value":3121,"label":"Multiplica tu dinero"}],"product_tag":[{"value":3306,"label":"Estatua de San Jos\u00e9"},{"value":3308,"label":"Inmobiliaria Saint Joseph"},{"value":3309,"label":"Inmobiliaria St. Joseph"},{"value":3311,"label":"oraci\u00f3n a San Jos\u00e9 al vender una casa"},{"value":3134,"label":"rituales del dinero"},{"value":3301,"label":"San Jos\u00e9"},{"value":3130,"label":"vela compuesta"},{"value":3312,"label":"vela fija San Jos\u00e9"},{"value":3304,"label":"Vela San Jos\u00e9"},{"value":3105,"label":"Velas de oraci\u00f3n mexicanas"},{"value":3103,"label":"Velas de santo mexicano"},{"value":3140,"label":"velas para dibujar dinero"}]},"featured_image_src_large":["https:\/\/texmexcurios.com\/wp-content\/uploads\/2024\/07\/Saint-Joseph-statue-set-1000.jpg",1000,1000,false],"author_info":[],"comment_info":0,"_links":{"self":[{"href":"https:\/\/texmexcurios.com\/es\/wp-json\/wp\/v2\/product\/17215","targetHints":{"allow":["GET"]}}],"collection":[{"href":"https:\/\/texmexcurios.com\/es\/wp-json\/wp\/v2\/product"}],"about":[{"href":"https:\/\/texmexcurios.com\/es\/wp-json\/wp\/v2\/types\/product"}],"replies":[{"embeddable":true,"href":"https:\/\/texmexcurios.com\/es\/wp-json\/wp\/v2\/comments?post=17215"}],"wp:featuredmedia":[{"embeddable":true,"href":"https:\/\/texmexcurios.com\/es\/wp-json\/wp\/v2\/media\/14702"}],"wp:attachment":[{"href":"https:\/\/texmexcurios.com\/es\/wp-json\/wp\/v2\/media?parent=17215"}],"wp:term":[{"taxonomy":"product_brand","embeddable":true,"href":"https:\/\/texmexcurios.com\/es\/wp-json\/wp\/v2\/product_brand?post=17215"},{"taxonomy":"product_cat","embeddable":true,"href":"https:\/\/texmexcurios.com\/es\/wp-json\/wp\/v2\/product_cat?post=17215"},{"taxonomy":"product_tag","embeddable":true,"href":"https:\/\/texmexcurios.com\/es\/wp-json\/wp\/v2\/product_tag?post=17215"}],"curies":[{"name":"wp","href":"https:\/\/api.w.org\/{rel}","templated":true}]}}