{"id":17199,"date":"2024-08-02T04:00:17","date_gmt":"2024-08-02T09:00:17","guid":{"rendered":"https:\/\/texmexcurios.com\/altar-personal-de-velas-del-amor\/"},"modified":"2026-02-05T07:06:38","modified_gmt":"2026-02-05T13:06:38","slug":"altar-personal-de-velas-del-amor","status":"publish","type":"product","link":"https:\/\/texmexcurios.com\/es\/producto\/altar-personal-de-velas-del-amor\/","title":{"rendered":"Altar Personal de Velas del Amor"},"content":{"rendered":"<h3>Altar Personal de Velas del Amor<\/h3>\n<p><strong>Quemamos las siguientes velas para ti. Estas velas no se te entregan. <\/strong><\/p>\n<p>Servicio de Altar de Velas del Amor para atraer a tu alma gemela o al amor perdido; servicio de velas para ayudarte a sanar de un coraz\u00f3n roto o de un divorcio; servicio de velas para promover la unidad matrimonial o detener los enga\u00f1os y las discusiones en tu relaci\u00f3n. Servicio de velas para un compromiso, la lealtad o un anillo de compromiso. Personalizamos tu servicio de altar privado para adaptarlo a tus necesidades y quemamos las 4 velas por ti, una vela por semana; Env\u00edanos un mensaje describiendo tu situaci\u00f3n para que podamos preparar un altar de velas para ti y orar por tu petici\u00f3n; Colocamos tus intenciones debajo de tu vela y comenzamos nuestra sesi\u00f3n de oraci\u00f3n en tu nombre.<\/p>\n<h4 style=\"padding: 1em; margin-bottom: 1em; border-radius: 5px; border: 1px solid #444; overflow: auto;\"><a href=\"https:\/\/texmexcurios.com\/wp-content\/uploads\/2024\/08\/week1-8.jpg\"><img loading=\"lazy\" decoding=\"async\" class=\"alignleft size-thumbnail wp-image-16991\" src=\"https:\/\/texmexcurios.com\/wp-content\/uploads\/2024\/08\/week1-8-150x150.jpg\" alt=\"Vela de Amor Personal Altar semana 1 vela\" width=\"150\" height=\"150\" title=\"\"><\/a>SEMANA 1: Empezamos con la vela de cristal de Cuarzo Rosa. Esta poderosa vela de cristal te ayudar\u00e1 a sanar, abre el chakra del coraz\u00f3n y te preparar\u00e1 para dar y recibir amor. Proporciona equilibrio emocional.  <\/h4>\n<h4 style=\"padding: 1em; margin-bottom: 1em; border-radius: 5px; border: 1px solid #444; overflow: auto;\"><a href=\"https:\/\/texmexcurios.com\/wp-content\/uploads\/2024\/08\/week2-4.jpg\"><img loading=\"lazy\" decoding=\"async\" class=\"alignleft size-thumbnail wp-image-16992\" src=\"https:\/\/texmexcurios.com\/wp-content\/uploads\/2024\/08\/week2-4-150x150.jpg\" alt=\"Vela de Amor Personal Altar vela de la semana 2\" width=\"150\" height=\"150\" title=\"\"><\/a>SEMANA 2: La segunda vela que encendemos en tu nombre es la vela de San Antonio. San Antonio es el patr\u00f3n de los amantes perdidos. San Antonio intervendr\u00e1 y te ayudar\u00e1 a reencontrarte con un amor perdido o a atraer a una pareja fiel.  <\/h4>\n<h4 style=\"padding: 1em; margin-bottom: 1em; border-radius: 5px; border: 1px solid #444; overflow: auto;\"><a href=\"https:\/\/texmexcurios.com\/wp-content\/uploads\/2024\/08\/week3-4.jpg\"><img loading=\"lazy\" decoding=\"async\" class=\"alignleft size-thumbnail wp-image-16993\" src=\"https:\/\/texmexcurios.com\/wp-content\/uploads\/2024\/08\/week3-4-150x150.jpg\" alt=\"Vela de Amor Personal Altar vela de la semana 3\" width=\"150\" height=\"150\" title=\"\"><\/a>SEMANA 3: La tercera vela que encendemos es la vela Ven a Mi (ven a m\u00ed) La vela ven a mi te proporcionar\u00e1 la energ\u00eda del amor para atraer a la persona especial que tienes en mente. Esta vela tambi\u00e9n concede un compromiso o compromiso. <\/h4>\n<h4 style=\"padding: 1em; margin-bottom: 1em; border-radius: 5px; border: 1px solid #444; overflow: auto;\"><a href=\"https:\/\/texmexcurios.com\/wp-content\/uploads\/2024\/08\/week4-4.jpg\"><img loading=\"lazy\" decoding=\"async\" class=\"alignleft size-thumbnail wp-image-16994\" src=\"https:\/\/texmexcurios.com\/wp-content\/uploads\/2024\/08\/week4-4-150x150.jpg\" alt=\"Vela de Amor Personal Altar semana 4 vela\" width=\"150\" height=\"150\" title=\"\"><\/a>SEMANA 4: Concluimos tu sesi\u00f3n privada del altar de velas encendiendo una vela chuparosa. Este ritual con velas mejorar\u00e1 el romanticismo en tu vida, y cargar\u00e1 los sentimientos excitantes de intimidad que antes sent\u00edas. El colibr\u00ed tambi\u00e9n susurrar\u00e1 pensamientos de amor a la persona que quieras atraer.  <\/h4>\n<p>Cada semana, te enviaremos la oraci\u00f3n por mensaje de texto o correo electr\u00f3nico por si quieres participar en la sesi\u00f3n de oraci\u00f3n. Podemos trabajar juntos para luchar y abordar de frente tu problema o problemas. Todas nuestras velas son fijas y est\u00e1n aderezadas con semillas de mostaza, aceites espirituales, hierbas y cristales. Estos antiguos rituales y poderosas tradiciones se han transmitido de generaci\u00f3n en generaci\u00f3n y, en mi caso, de mi abuela a mi madre, a m\u00ed.    Tras completar el ritual de las velas de 4 semanas y si lo solicitas, te enviaremos fotos de las 4 velas por delante y por detr\u00e1s. Si aparece alguna imagen en las velas, te informar\u00e9 de ello. <\/p>\n<h5>Da un giro a tu vida con este poderoso ritual privado de altar con velas y recibe la bendici\u00f3n y la inspiraci\u00f3n de \u00c1ngeles y Santos<\/h5>\n","protected":false},"excerpt":{"rendered":"<p>Altar ritual de velas para un compromiso<br \/>\n&#8220;Trabajo de velas en tu nombre&#8221;<\/p>\n","protected":false},"featured_media":15001,"comment_status":"open","ping_status":"closed","template":"","meta":{"_kad_blocks_custom_css":"","_kad_blocks_head_custom_js":"","_kad_blocks_body_custom_js":"","_kad_blocks_footer_custom_js":"","_kad_post_transparent":"","_kad_post_title":"","_kad_post_layout":"","_kad_post_sidebar_id":"","_kad_post_content_style":"","_kad_post_vertical_padding":"","_kad_post_feature":"","_kad_post_feature_position":"","_kad_post_header":false,"_kad_post_footer":false,"_kad_post_classname":""},"product_brand":[],"product_cat":[3253],"product_tag":[3296,3298,3267,3266,3255,3261,3265,3264,3268,3292,3294,3291,3300],"class_list":{"0":"post-17199","1":"product","2":"type-product","3":"status-publish","4":"has-post-thumbnail","6":"product_cat-servicio-de-quema-de-velas","7":"product_tag-altar-personal-de-velas-del-amor","8":"product_tag-altar-ritual-de-velas-para-un-compromiso","9":"product_tag-servicio-de-altar-catolico-con-velas","10":"product_tag-servicio-de-altar-con-velas","11":"product_tag-servicio-de-quema-de-velas","12":"product_tag-servicio-interno-de-quema-de-velas","13":"product_tag-servicio-ritual","14":"product_tag-servicio-ritual-de-quema-de-velas","15":"product_tag-tienda-de-velas-espirituales","16":"product_tag-vela-colibri","17":"product_tag-vela-de-cristal-de-cuarzo-rosa","18":"product_tag-vela-de-san-antonio","19":"product_tag-vela-ven-a-mi","21":"first","22":"instock","23":"virtual","24":"purchasable","25":"product-type-simple","26":"entry","27":"content-bg","28":"loop-entry"},"taxonomy_info":{"product_cat":[{"value":3253,"label":"Servicio de Quema de Velas"}],"product_tag":[{"value":3296,"label":"Altar Personal de Velas del Amor"},{"value":3298,"label":"Altar ritual de velas para un compromiso"},{"value":3267,"label":"Servicio de altar cat\u00f3lico con velas"},{"value":3266,"label":"Servicio de altar con velas"},{"value":3255,"label":"Servicio de quema de velas"},{"value":3261,"label":"Servicio interno de quema de velas"},{"value":3265,"label":"Servicio ritual"},{"value":3264,"label":"Servicio ritual de quema de velas"},{"value":3268,"label":"Tienda de velas espirituales"},{"value":3292,"label":"Vela Colibr\u00ed"},{"value":3294,"label":"Vela de Cristal de Cuarzo Rosa"},{"value":3291,"label":"Vela de San Antonio"},{"value":3300,"label":"Vela Ven a Mi"}]},"featured_image_src_large":["https:\/\/texmexcurios.com\/wp-content\/uploads\/2024\/07\/4-Love-Candles-1000.jpg",1000,1000,false],"author_info":[],"comment_info":0,"_links":{"self":[{"href":"https:\/\/texmexcurios.com\/es\/wp-json\/wp\/v2\/product\/17199","targetHints":{"allow":["GET"]}}],"collection":[{"href":"https:\/\/texmexcurios.com\/es\/wp-json\/wp\/v2\/product"}],"about":[{"href":"https:\/\/texmexcurios.com\/es\/wp-json\/wp\/v2\/types\/product"}],"replies":[{"embeddable":true,"href":"https:\/\/texmexcurios.com\/es\/wp-json\/wp\/v2\/comments?post=17199"}],"wp:featuredmedia":[{"embeddable":true,"href":"https:\/\/texmexcurios.com\/es\/wp-json\/wp\/v2\/media\/15001"}],"wp:attachment":[{"href":"https:\/\/texmexcurios.com\/es\/wp-json\/wp\/v2\/media?parent=17199"}],"wp:term":[{"taxonomy":"product_brand","embeddable":true,"href":"https:\/\/texmexcurios.com\/es\/wp-json\/wp\/v2\/product_brand?post=17199"},{"taxonomy":"product_cat","embeddable":true,"href":"https:\/\/texmexcurios.com\/es\/wp-json\/wp\/v2\/product_cat?post=17199"},{"taxonomy":"product_tag","embeddable":true,"href":"https:\/\/texmexcurios.com\/es\/wp-json\/wp\/v2\/product_tag?post=17199"}],"curies":[{"name":"wp","href":"https:\/\/api.w.org\/{rel}","templated":true}]}}