{"id":17191,"date":"2024-08-02T05:12:41","date_gmt":"2024-08-02T10:12:41","guid":{"rendered":"https:\/\/texmexcurios.com\/altar-de-velas-de-limpieza-personal\/"},"modified":"2024-08-02T05:12:41","modified_gmt":"2024-08-02T10:12:41","slug":"altar-de-velas-de-limpieza-personal","status":"publish","type":"product","link":"https:\/\/texmexcurios.com\/es\/producto\/altar-de-velas-de-limpieza-personal\/","title":{"rendered":"Altar de Velas de Limpieza Personal"},"content":{"rendered":"<h3>Altar de Velas de Limpieza Personal<\/h3>\n<p>Servicio de Altar de Velas de Limpieza Personal para la purificaci\u00f3n, la curaci\u00f3n espiritual y para limpiar la energ\u00eda negativa. Este servicio de limpieza con velas elimina los malos esp\u00edritus y las malas influencias. Este poderoso ritual de limpieza es para los nuevos comienzos de tu hogar o negocio. Personalizamos tu servicio de altar privado para adaptarlo a tus necesidades y quemamos las velas por ti, una vela por semana. Env\u00edanos un mensaje describiendo tu situaci\u00f3n para que podamos preparar un altar de velas para ti y rezar por tu petici\u00f3n; colocamos tus intenciones debajo de tu vela y comenzamos nuestra sesi\u00f3n de oraci\u00f3n en tu nombre. Nos centraremos en tu protecci\u00f3n y la de tu familia encendiendo 4 velas de protecci\u00f3n diferentes.     <\/p>\n<p><strong>Quemamos las siguientes velas para ti. Estas velas no se te entregan. <\/strong><\/p>\n<h4 style=\"padding: 1em; margin-bottom: 1em; border-radius: 5px; border: 1px solid #444; overflow: auto;\"><a href=\"https:\/\/texmexcurios.com\/wp-content\/uploads\/2024\/08\/week1-7.jpg\"><img loading=\"lazy\" decoding=\"async\" class=\"alignleft size-thumbnail wp-image-16986\" src=\"https:\/\/texmexcurios.com\/wp-content\/uploads\/2024\/08\/week1-7-150x150.jpg\" alt=\"Altar de velas de limpieza personal semana 1 vela\" width=\"150\" height=\"150\" title=\"\"><\/a>SEMANA 1: Empezamos con la vela de limpieza de la Sabidur\u00eda. Rezaremos y nos centraremos en eliminar la mala suerte, las malas influencias y los malos esp\u00edritus de tu casa o negocio. <\/h4>\n<h4 style=\"padding: 1em; margin-bottom: 1em; border-radius: 5px; border: 1px solid #444; overflow: auto;\"><a href=\"https:\/\/texmexcurios.com\/wp-content\/uploads\/2024\/08\/week2-3.jpg\"><img loading=\"lazy\" decoding=\"async\" class=\"alignleft size-thumbnail wp-image-16987\" src=\"https:\/\/texmexcurios.com\/wp-content\/uploads\/2024\/08\/week2-3-150x150.jpg\" alt=\"Vela de limpieza personal Altar semana 2 vela\" width=\"150\" height=\"150\" title=\"\"><\/a>SEMANA 2: La segunda vela que encendemos en tu nombre es la vela de Palo Santo. La vela de Palo Santo purificar\u00e1 tu casa o tu negocio y limpiar\u00e1 la energ\u00eda negativa. Esta vela tambi\u00e9n favorece la claridad y la relajaci\u00f3n.  <\/h4>\n<h4 style=\"padding: 1em; margin-bottom: 1em; border-radius: 5px; border: 1px solid #444; overflow: auto;\"><a href=\"https:\/\/texmexcurios.com\/wp-content\/uploads\/2024\/08\/week3-3.jpg\"><img loading=\"lazy\" decoding=\"async\" class=\"alignleft size-thumbnail wp-image-16988\" src=\"https:\/\/texmexcurios.com\/wp-content\/uploads\/2024\/08\/week3-3-150x150.jpg\" alt=\"Vela de limpieza personal Altar semana 3 vela\" width=\"150\" height=\"150\" title=\"\"><\/a>SEMANA 3: La tercera vela que encendemos para ti es la vela de Cuarzo Claro. Esta vela promueve los pensamientos positivos, la creatividad y otorga fuerza espiritual. Vela curativa para el equilibrio.  <\/h4>\n<h4 style=\"padding: 1em; margin-bottom: 1em; border-radius: 5px; border: 1px solid #444; overflow: auto;\"><a href=\"https:\/\/texmexcurios.com\/wp-content\/uploads\/2024\/08\/week4-3.jpg\"><img loading=\"lazy\" decoding=\"async\" class=\"alignleft size-thumbnail wp-image-16989\" src=\"https:\/\/texmexcurios.com\/wp-content\/uploads\/2024\/08\/week4-3-150x150.jpg\" alt=\"Vela de limpieza personal Altar semana 4 vela\" width=\"150\" height=\"150\" title=\"\"><\/a>SEMANA 4: Concluimos tu sesi\u00f3n privada del altar de velas encendiendo una vela Hamsa. Este ritual con velas te conceder\u00e1 paz, prosperidad, alegr\u00eda y buena salud. La vela Hamsa concluye el ritual para que t\u00fa y tu familia pod\u00e1is iniciar un viaje positivo en la vida.  <\/h4>\n<p>Cada semana, te enviaremos la oraci\u00f3n por mensaje de texto o correo electr\u00f3nico por si quieres participar en la sesi\u00f3n de oraci\u00f3n. Podemos trabajar juntos para luchar y abordar de frente tu problema o problemas. Todas nuestras velas son fijas y est\u00e1n aderezadas con semillas de mostaza, aceites espirituales, hierbas y cristales. Estos antiguos rituales y poderosas tradiciones se han transmitido de generaci\u00f3n en generaci\u00f3n y, en mi caso, de mi abuela a mi madre, a m\u00ed. Tras completar el ritual de las velas de 4 semanas y si lo solicitas, te enviaremos fotos de las 4 velas por delante y por detr\u00e1s. Si aparece alguna imagen en las velas, te informar\u00e9 de ello.     <\/p>\n<h5>Da un giro a tu vida con este poderoso ritual privado de altar con velas y recibe la bendici\u00f3n y la inspiraci\u00f3n de \u00c1ngeles y Santos<\/h5>\n","protected":false},"excerpt":{"rendered":"<p>Altar ritual de velas para una purificaci\u00f3n<br \/>\n&#8220;Trabajo de velas en tu nombre&#8221;<\/p>\n","protected":false},"featured_media":15672,"comment_status":"open","ping_status":"closed","template":"","meta":{"_kad_blocks_custom_css":"","_kad_blocks_head_custom_js":"","_kad_blocks_body_custom_js":"","_kad_blocks_footer_custom_js":"","_kad_post_transparent":"","_kad_post_title":"","_kad_post_layout":"","_kad_post_sidebar_id":"","_kad_post_content_style":"","_kad_post_vertical_padding":"","_kad_post_feature":"","_kad_post_feature_position":"","_kad_post_header":false,"_kad_post_footer":false,"_kad_post_classname":""},"product_brand":[],"product_cat":[3253],"product_tag":[3280,3282,3286,3284,3267,3266,3255,3261,3265,3264,3268,3274,3275,3278,3276],"class_list":{"0":"post-17191","1":"product","2":"type-product","3":"status-publish","4":"has-post-thumbnail","6":"product_cat-servicio-de-quema-de-velas","7":"product_tag-altar-de-velas-de-limpieza-personal","8":"product_tag-altar-ritual-de-velas-para-una-purificacion","9":"product_tag-curacion-espiritual-y-para-limpiar-la-energia-negativa","10":"product_tag-para-la-purificacion","11":"product_tag-servicio-de-altar-catolico-con-velas","12":"product_tag-servicio-de-altar-con-velas","13":"product_tag-servicio-de-quema-de-velas","14":"product_tag-servicio-interno-de-quema-de-velas","15":"product_tag-servicio-ritual","16":"product_tag-servicio-ritual-de-quema-de-velas","17":"product_tag-tienda-de-velas-espirituales","18":"product_tag-vela-de-cuarzo-claro","19":"product_tag-vela-de-salvia","20":"product_tag-vela-hamsa","21":"product_tag-vela-palo-santo","23":"first","24":"instock","25":"virtual","26":"purchasable","27":"product-type-simple","28":"entry","29":"content-bg","30":"loop-entry"},"taxonomy_info":{"product_cat":[{"value":3253,"label":"Servicio de Quema de Velas"}],"product_tag":[{"value":3280,"label":"Altar de Velas de Limpieza Personal"},{"value":3282,"label":"Altar ritual de velas para una purificaci\u00f3n"},{"value":3286,"label":"curaci\u00f3n espiritual y para limpiar la energ\u00eda negativa"},{"value":3284,"label":"para la purificaci\u00f3n"},{"value":3267,"label":"Servicio de altar cat\u00f3lico con velas"},{"value":3266,"label":"Servicio de altar con velas"},{"value":3255,"label":"Servicio de quema de velas"},{"value":3261,"label":"Servicio interno de quema de velas"},{"value":3265,"label":"Servicio ritual"},{"value":3264,"label":"Servicio ritual de quema de velas"},{"value":3268,"label":"Tienda de velas espirituales"},{"value":3274,"label":"Vela de Cuarzo Claro"},{"value":3275,"label":"vela de salvia"},{"value":3278,"label":"Vela Hamsa"},{"value":3276,"label":"Vela Palo Santo"}]},"featured_image_src_large":["https:\/\/texmexcurios.com\/wp-content\/uploads\/2024\/08\/4-Cleansing-Candles-1000.jpg",1000,1000,false],"author_info":[],"comment_info":0,"_links":{"self":[{"href":"https:\/\/texmexcurios.com\/es\/wp-json\/wp\/v2\/product\/17191","targetHints":{"allow":["GET"]}}],"collection":[{"href":"https:\/\/texmexcurios.com\/es\/wp-json\/wp\/v2\/product"}],"about":[{"href":"https:\/\/texmexcurios.com\/es\/wp-json\/wp\/v2\/types\/product"}],"replies":[{"embeddable":true,"href":"https:\/\/texmexcurios.com\/es\/wp-json\/wp\/v2\/comments?post=17191"}],"wp:featuredmedia":[{"embeddable":true,"href":"https:\/\/texmexcurios.com\/es\/wp-json\/wp\/v2\/media\/15672"}],"wp:attachment":[{"href":"https:\/\/texmexcurios.com\/es\/wp-json\/wp\/v2\/media?parent=17191"}],"wp:term":[{"taxonomy":"product_brand","embeddable":true,"href":"https:\/\/texmexcurios.com\/es\/wp-json\/wp\/v2\/product_brand?post=17191"},{"taxonomy":"product_cat","embeddable":true,"href":"https:\/\/texmexcurios.com\/es\/wp-json\/wp\/v2\/product_cat?post=17191"},{"taxonomy":"product_tag","embeddable":true,"href":"https:\/\/texmexcurios.com\/es\/wp-json\/wp\/v2\/product_tag?post=17191"}],"curies":[{"name":"wp","href":"https:\/\/api.w.org\/{rel}","templated":true}]}}