{"id":17185,"date":"2024-07-24T10:12:36","date_gmt":"2024-07-24T15:12:36","guid":{"rendered":"https:\/\/texmexcurios.com\/vales-4x\/"},"modified":"2024-07-24T10:12:36","modified_gmt":"2024-07-24T15:12:36","slug":"vales-4x","status":"publish","type":"product","link":"https:\/\/texmexcurios.com\/es\/producto\/vales-4x\/","title":{"rendered":"Vales 4X"},"content":{"rendered":"<p>Vales 4X &#8211; Limpia tu organismo con la soluci\u00f3n desintoxicante de 1 hora de Vale. Esta potente f\u00f3rmula de desintoxicaci\u00f3n corporal elimina r\u00e1pidamente las toxinas no deseadas para una desintoxicaci\u00f3n m\u00e1xima. <\/p>\n<ul>\n<li>Elimina r\u00e1pidamente las toxinas no deseadas<\/li>\n<li>Soluci\u00f3n desintoxicante de 1 hora<\/li>\n<li>Potente desintoxicante corporal<\/li>\n<\/ul>\n","protected":false},"excerpt":{"rendered":"<p>M\u00e1xima desintoxicaci\u00f3n<\/p>\n","protected":false},"featured_media":14385,"comment_status":"open","ping_status":"closed","template":"","meta":{"_kad_blocks_custom_css":"","_kad_blocks_head_custom_js":"","_kad_blocks_body_custom_js":"","_kad_blocks_footer_custom_js":"","_kad_post_transparent":"","_kad_post_title":"","_kad_post_layout":"","_kad_post_sidebar_id":"","_kad_post_content_style":"","_kad_post_vertical_padding":"","_kad_post_feature":"","_kad_post_feature_position":"","_kad_post_header":false,"_kad_post_footer":false,"_kad_post_classname":""},"product_brand":[],"product_cat":[3254],"product_tag":[3271,3256,3273,3272],"class_list":{"0":"post-17185","1":"product","2":"type-product","3":"status-publish","4":"has-post-thumbnail","6":"product_cat-productos-detox","7":"product_tag-maxima-desintoxicacion","8":"product_tag-potente-desintoxicante-corporal","9":"product_tag-solucion-desintoxicante-de-1-hora","10":"product_tag-vales-4x","11":"product_shipping_class-tarifa-plana-3","13":"first","14":"instock","15":"taxable","16":"shipping-taxable","17":"purchasable","18":"product-type-simple","19":"entry","20":"content-bg","21":"loop-entry"},"taxonomy_info":{"product_cat":[{"value":3254,"label":"Productos Detox"}],"product_tag":[{"value":3271,"label":"M\u00e1xima desintoxicaci\u00f3n"},{"value":3256,"label":"Potente desintoxicante corporal"},{"value":3273,"label":"Soluci\u00f3n desintoxicante de 1 hora"},{"value":3272,"label":"Vales 4X"}]},"featured_image_src_large":["https:\/\/texmexcurios.com\/wp-content\/uploads\/2024\/07\/Vales-Detox-4-times-1000.jpg",1000,1000,false],"author_info":[],"comment_info":0,"_links":{"self":[{"href":"https:\/\/texmexcurios.com\/es\/wp-json\/wp\/v2\/product\/17185","targetHints":{"allow":["GET"]}}],"collection":[{"href":"https:\/\/texmexcurios.com\/es\/wp-json\/wp\/v2\/product"}],"about":[{"href":"https:\/\/texmexcurios.com\/es\/wp-json\/wp\/v2\/types\/product"}],"replies":[{"embeddable":true,"href":"https:\/\/texmexcurios.com\/es\/wp-json\/wp\/v2\/comments?post=17185"}],"wp:featuredmedia":[{"embeddable":true,"href":"https:\/\/texmexcurios.com\/es\/wp-json\/wp\/v2\/media\/14385"}],"wp:attachment":[{"href":"https:\/\/texmexcurios.com\/es\/wp-json\/wp\/v2\/media?parent=17185"}],"wp:term":[{"taxonomy":"product_brand","embeddable":true,"href":"https:\/\/texmexcurios.com\/es\/wp-json\/wp\/v2\/product_brand?post=17185"},{"taxonomy":"product_cat","embeddable":true,"href":"https:\/\/texmexcurios.com\/es\/wp-json\/wp\/v2\/product_cat?post=17185"},{"taxonomy":"product_tag","embeddable":true,"href":"https:\/\/texmexcurios.com\/es\/wp-json\/wp\/v2\/product_tag?post=17185"}],"curies":[{"name":"wp","href":"https:\/\/api.w.org\/{rel}","templated":true}]}}