{"id":17183,"date":"2024-08-02T05:21:25","date_gmt":"2024-08-02T10:21:25","guid":{"rendered":"https:\/\/texmexcurios.com\/altar-personal-de-velas-del-dinero\/"},"modified":"2024-08-02T05:21:25","modified_gmt":"2024-08-02T10:21:25","slug":"altar-personal-de-velas-del-dinero","status":"publish","type":"product","link":"https:\/\/texmexcurios.com\/es\/producto\/altar-personal-de-velas-del-dinero\/","title":{"rendered":"Altar personal de velas del dinero"},"content":{"rendered":"<h3>Altar personal de velas del dinero<\/h3>\n<p>Servicio de Altar de Velas del Dinero para abrir puertas a nuevos comienzos, servicio de velas para la buena suerte, el trabajo, la promoci\u00f3n profesional y los ascensos; servicio de Altar de Velas para atraer la riqueza, desbloquear tus talentos ocultos, mejorar tu negocio y ganar en los juegos de azar. Personalizamos tu servicio de altar privado para adaptarlo a tus necesidades y quemamos las 4 velas por ti, una vela por semana. Env\u00edanos un mensaje describiendo tu situaci\u00f3n para que podamos rezar por tu petici\u00f3n; colocamos tus intenciones debajo de tu vela y comenzamos nuestra sesi\u00f3n de oraci\u00f3n en tu nombre.<br \/>\n<strong>Quemamos las siguientes velas para ti. Estas velas no se te entregan. <\/strong><\/p>\n<h4 style=\"padding: 1em; margin-bottom: 1em; border-radius: 5px; border: 1px solid #444; overflow: auto;\"><a href=\"https:\/\/texmexcurios.com\/wp-content\/uploads\/2024\/08\/week1-6.jpg\"><img loading=\"lazy\" decoding=\"async\" class=\"alignleft size-thumbnail wp-image-16982\" src=\"https:\/\/texmexcurios.com\/wp-content\/uploads\/2024\/08\/week1-6-150x150.jpg\" alt=\"Altar del dinero personal semana 1 vela\" width=\"150\" height=\"150\" title=\"\"><\/a>PRIMERA SEMANA: Comenzamos con la vela Abre Camino, para iluminar tu camino y guiarte hacia un viaje financiero positivo.<\/h4>\n<h4 style=\"padding: 1em; margin-bottom: 1em; border-radius: 5px; border: 1px solid #444; overflow: auto;\"><a href=\"https:\/\/texmexcurios.com\/wp-content\/uploads\/2024\/08\/week2-2.jpg\"><img loading=\"lazy\" decoding=\"async\" class=\"alignleft size-thumbnail wp-image-16983\" src=\"https:\/\/texmexcurios.com\/wp-content\/uploads\/2024\/08\/week2-2-150x150.jpg\" alt=\"Vela del Altar del Dinero Personal vela de la semana 2\" width=\"150\" height=\"150\" title=\"\"><\/a>SEGUNDA SEMANA: La segunda vela que encendemos es la vela de San Mart\u00edn Caballero. San Mart\u00edn Caballero es el patr\u00f3n de la buena suerte, del trabajo y del dinero; con el poder espiritual y la intervenci\u00f3n de San Mart\u00edn Caballero, tu suerte cambiar\u00e1. <\/h4>\n<h4 style=\"padding: 1em; margin-bottom: 1em; border-radius: 5px; border: 1px solid #444; overflow: auto;\"><a href=\"https:\/\/texmexcurios.com\/wp-content\/uploads\/2024\/08\/week3-2.jpg\"><img loading=\"lazy\" decoding=\"async\" class=\"alignleft size-thumbnail wp-image-16984\" src=\"https:\/\/texmexcurios.com\/wp-content\/uploads\/2024\/08\/week3-2-150x150.jpg\" alt=\"Vela del Altar del Dinero Personal vela de la semana 3\" width=\"150\" height=\"150\" title=\"\"><\/a>TERCERA SEMANA: La tercera vela que encendemos es la vela de cristal Ojos de Tigre para atraer la riqueza y la abundancia. La energ\u00eda de esta vela tambi\u00e9n desbloquear\u00e1 tus talentos ocultos. <\/h4>\n<h4 style=\"padding: 1em; margin-bottom: 1em; border-radius: 5px; border: 1px solid #444; overflow: auto;\"><a href=\"https:\/\/texmexcurios.com\/wp-content\/uploads\/2024\/08\/week4-2.jpg\"><img loading=\"lazy\" decoding=\"async\" class=\"alignleft size-thumbnail wp-image-16985\" src=\"https:\/\/texmexcurios.com\/wp-content\/uploads\/2024\/08\/week4-2-150x150.jpg\" alt=\"Vela del Altar del Dinero Personal vela de la semana 4\" width=\"150\" height=\"150\" title=\"\"><\/a>CUARTA SEMANA: Concluimos con la vela del elefante de la suerte; El elefante es un s\u00edmbolo de buena suerte, prosperidad, sabidur\u00eda y fuerza. Concede suerte en el juego. <\/h4>\n<p>Cada semana, te enviaremos la oraci\u00f3n por si quieres participar en la sesi\u00f3n de oraci\u00f3n; podemos trabajar juntos para luchar y abordar tu problema de frente. Todas nuestras velas son fijas y est\u00e1n aderezadas con semillas de mostaza, aceites espirituales, hierbas y cristales. Estos antiguos rituales y poderosas tradiciones se han transmitido de generaci\u00f3n en generaci\u00f3n y, en mi caso, de mi abuela a mi madre, a m\u00ed. Si lo solicitas, podemos enviarte una foto de cada vela mientras realizamos tus rituales semanales.   <\/p>\n<h5>Da un giro a tu vida con este poderoso ritual privado de altar con velas y recibe la bendici\u00f3n y la inspiraci\u00f3n de \u00c1ngeles y Santos<\/h5>\n","protected":false},"excerpt":{"rendered":"<p>Altar ritual de velas para la riqueza y la abundancia<br \/>\n&#8220;trabajo de velas en tu nombre&#8221;<\/p>\n","protected":false},"featured_media":15673,"comment_status":"open","ping_status":"closed","template":"","meta":{"_kad_blocks_custom_css":"","_kad_blocks_head_custom_js":"","_kad_blocks_body_custom_js":"","_kad_blocks_footer_custom_js":"","_kad_post_transparent":"","_kad_post_title":"","_kad_post_layout":"","_kad_post_sidebar_id":"","_kad_post_content_style":"","_kad_post_vertical_padding":"","_kad_post_feature":"","_kad_post_feature_position":"","_kad_post_header":false,"_kad_post_footer":false,"_kad_post_classname":""},"product_brand":[],"product_cat":[3253],"product_tag":[3269,3267,3266,3255,3261,3265,3264,3268,3260,3257,3231,3175,3270],"class_list":{"0":"post-17183","1":"product","2":"type-product","3":"status-publish","4":"has-post-thumbnail","6":"product_cat-servicio-de-quema-de-velas","7":"product_tag-altar-de-velas-del-dinero","8":"product_tag-servicio-de-altar-catolico-con-velas","9":"product_tag-servicio-de-altar-con-velas","10":"product_tag-servicio-de-quema-de-velas","11":"product_tag-servicio-interno-de-quema-de-velas","12":"product_tag-servicio-ritual","13":"product_tag-servicio-ritual-de-quema-de-velas","14":"product_tag-tienda-de-velas-espirituales","15":"product_tag-vela-abre-camino","16":"product_tag-vela-abrecaminos","17":"product_tag-vela-de-ojo-de-tigre","18":"product_tag-vela-elefante-de-la-suerte","19":"product_tag-vela-san-martin-caballero","21":"first","22":"instock","23":"virtual","24":"purchasable","25":"product-type-simple","26":"entry","27":"content-bg","28":"loop-entry"},"taxonomy_info":{"product_cat":[{"value":3253,"label":"Servicio de Quema de Velas"}],"product_tag":[{"value":3269,"label":"Altar de velas del dinero"},{"value":3267,"label":"Servicio de altar cat\u00f3lico con velas"},{"value":3266,"label":"Servicio de altar con velas"},{"value":3255,"label":"Servicio de quema de velas"},{"value":3261,"label":"Servicio interno de quema de velas"},{"value":3265,"label":"Servicio ritual"},{"value":3264,"label":"Servicio ritual de quema de velas"},{"value":3268,"label":"Tienda de velas espirituales"},{"value":3260,"label":"Vela Abre Camino"},{"value":3257,"label":"Vela Abrecaminos"},{"value":3231,"label":"Vela de ojo de tigre"},{"value":3175,"label":"Vela Elefante de la Suerte"},{"value":3270,"label":"Vela San Mart\u00edn Caballero"}]},"featured_image_src_large":["https:\/\/texmexcurios.com\/wp-content\/uploads\/2024\/08\/4-Money-Candles-1000.jpg",1000,1000,false],"author_info":[],"comment_info":0,"_links":{"self":[{"href":"https:\/\/texmexcurios.com\/es\/wp-json\/wp\/v2\/product\/17183","targetHints":{"allow":["GET"]}}],"collection":[{"href":"https:\/\/texmexcurios.com\/es\/wp-json\/wp\/v2\/product"}],"about":[{"href":"https:\/\/texmexcurios.com\/es\/wp-json\/wp\/v2\/types\/product"}],"replies":[{"embeddable":true,"href":"https:\/\/texmexcurios.com\/es\/wp-json\/wp\/v2\/comments?post=17183"}],"wp:featuredmedia":[{"embeddable":true,"href":"https:\/\/texmexcurios.com\/es\/wp-json\/wp\/v2\/media\/15673"}],"wp:attachment":[{"href":"https:\/\/texmexcurios.com\/es\/wp-json\/wp\/v2\/media?parent=17183"}],"wp:term":[{"taxonomy":"product_brand","embeddable":true,"href":"https:\/\/texmexcurios.com\/es\/wp-json\/wp\/v2\/product_brand?post=17183"},{"taxonomy":"product_cat","embeddable":true,"href":"https:\/\/texmexcurios.com\/es\/wp-json\/wp\/v2\/product_cat?post=17183"},{"taxonomy":"product_tag","embeddable":true,"href":"https:\/\/texmexcurios.com\/es\/wp-json\/wp\/v2\/product_tag?post=17183"}],"curies":[{"name":"wp","href":"https:\/\/api.w.org\/{rel}","templated":true}]}}