{"id":17174,"date":"2018-10-29T06:19:33","date_gmt":"2018-10-29T11:19:33","guid":{"rendered":"https:\/\/texmexcurios.com\/vela-jumbo-elefante-de-la-suerte\/"},"modified":"2026-03-16T06:31:44","modified_gmt":"2026-03-16T11:31:44","slug":"vela-jumbo-elefante-de-la-suerte","status":"publish","type":"product","link":"https:\/\/texmexcurios.com\/es\/producto\/vela-jumbo-elefante-de-la-suerte\/","title":{"rendered":"Vela Jumbo Elefante de la Suerte"},"content":{"rendered":"<p>Enciende una Vela Jumbo Elefante de la Suerte para tener buena suerte en los juegos de casino, bingo, juegos de cartas, billetes de loter\u00eda, m\u00e1quinas tragaperras, botes y carreras de caballos. Las velas espirituales se fijan con hierbas m\u00e1gicas, aceites espirituales y cristales curativos.<\/p>\n<ul>\n<li>Vela de oraci\u00f3n inspirada en \u00e1ngeles y santos<\/li>\n<li>La vela Jumbo arde de 10 a 14 d\u00edas<\/li>\n<li>Vela sin aroma<\/li>\n<li>Ver las instrucciones a continuaci\u00f3n<\/li>\n<\/ul>\n<p>PASO 1<br \/>\nEscribe tu petici\u00f3n, tus deseos en el papel de pergamino situado sobre la vela. Puedes utilizar las dos caras del papel. En resumen, escribe lo que deseas. Puedes incluir en el papel de pergamino detalles como nombre o nombres, d\u00eda o fechas de nacimiento, direcciones, n\u00fameros importantes, lo que creas que est\u00e1 relacionado con tu intenci\u00f3n.   <\/p>\n<p>A continuaci\u00f3n encontrar\u00e1s ejemplos de lo que puedes escribir en tu papel de pergamino para cada vela, que pueden aplicarse o no a tu situaci\u00f3n y sirven s\u00f3lo como gu\u00eda. En \u00faltima instancia, escribe tu intenci\u00f3n y lo que quieres recibir.<br \/>\nPor ejemplo: (Conc\u00e9deme buena suerte en el casino) Incluye tu nombre y fecha de nacimiento). (Ay\u00fadame a ganar mucho dinero en el juego).  <\/p>\n<p>PASO 2<br \/>\nDobla 2 veces el papel de pergamino y col\u00f3calo debajo de la vela.<\/p>\n<p>PASO 3<br \/>\nReza la oraci\u00f3n de la vela, medita y visualiza lo que quieres que ocurra; Reza la oraci\u00f3n diariamente; Si la vela no incluye una oraci\u00f3n, reza tu oraci\u00f3n favorita.<\/p>\n","protected":false},"excerpt":{"rendered":"<p>Atrae la suerte del juego<\/p>\n","protected":false},"featured_media":17176,"comment_status":"open","ping_status":"closed","template":"","meta":{"_kad_blocks_custom_css":"","_kad_blocks_head_custom_js":"","_kad_blocks_body_custom_js":"","_kad_blocks_footer_custom_js":"","_kad_post_transparent":"","_kad_post_title":"","_kad_post_layout":"","_kad_post_sidebar_id":"","_kad_post_content_style":"","_kad_post_vertical_padding":"","_kad_post_feature":"","_kad_post_feature_position":"","_kad_post_header":false,"_kad_post_footer":false,"_kad_post_classname":""},"product_brand":[],"product_cat":[3171],"product_tag":[3208,3204,3243,3244,3213,3175,3210,3242,3106,3199,3104,3197,3140,3201],"class_list":{"0":"post-17174","1":"product","2":"type-product","3":"status-publish","4":"has-post-thumbnail","6":"product_cat-gana-al-juego","7":"product_tag-buena-suerte-velas","8":"product_tag-rituales-de-juego","9":"product_tag-vela-de-14-dias","10":"product_tag-vela-de-casino","11":"product_tag-vela-de-juego-fija","12":"product_tag-vela-elefante-de-la-suerte","13":"product_tag-vela-fija-de-casino","14":"product_tag-vela-jumbo-elefante-de-la-suerte","15":"product_tag-velas-compuestas","16":"product_tag-velas-de-juego","17":"product_tag-velas-espirituales","18":"product_tag-velas-metafisicas","19":"product_tag-velas-para-dibujar-dinero","20":"product_tag-velas-rituales-del-dinero","21":"product_shipping_class-tarifa-plana-8","23":"first","24":"instock","25":"taxable","26":"shipping-taxable","27":"purchasable","28":"product-type-simple","29":"entry","30":"content-bg","31":"loop-entry"},"taxonomy_info":{"product_cat":[{"value":3171,"label":"Gana al juego"}],"product_tag":[{"value":3208,"label":"buena suerte velas"},{"value":3204,"label":"rituales de juego"},{"value":3243,"label":"Vela de 14 d\u00edas"},{"value":3244,"label":"vela de casino"},{"value":3213,"label":"vela de juego fija"},{"value":3175,"label":"Vela Elefante de la Suerte"},{"value":3210,"label":"vela fija de casino"},{"value":3242,"label":"Vela Jumbo Elefante de la Suerte"},{"value":3106,"label":"velas compuestas"},{"value":3199,"label":"velas de juego"},{"value":3104,"label":"Velas espirituales"},{"value":3197,"label":"velas metaf\u00edsicas"},{"value":3140,"label":"velas para dibujar dinero"},{"value":3201,"label":"velas rituales del dinero"}]},"featured_image_src_large":["https:\/\/texmexcurios.com\/wp-content\/uploads\/2018\/10\/Lucky-Elephant-Jumbo-Candle-1000.jpg",1000,1000,false],"author_info":[],"comment_info":0,"_links":{"self":[{"href":"https:\/\/texmexcurios.com\/es\/wp-json\/wp\/v2\/product\/17174","targetHints":{"allow":["GET"]}}],"collection":[{"href":"https:\/\/texmexcurios.com\/es\/wp-json\/wp\/v2\/product"}],"about":[{"href":"https:\/\/texmexcurios.com\/es\/wp-json\/wp\/v2\/types\/product"}],"replies":[{"embeddable":true,"href":"https:\/\/texmexcurios.com\/es\/wp-json\/wp\/v2\/comments?post=17174"}],"wp:featuredmedia":[{"embeddable":true,"href":"https:\/\/texmexcurios.com\/es\/wp-json\/wp\/v2\/media\/17176"}],"wp:attachment":[{"href":"https:\/\/texmexcurios.com\/es\/wp-json\/wp\/v2\/media?parent=17174"}],"wp:term":[{"taxonomy":"product_brand","embeddable":true,"href":"https:\/\/texmexcurios.com\/es\/wp-json\/wp\/v2\/product_brand?post=17174"},{"taxonomy":"product_cat","embeddable":true,"href":"https:\/\/texmexcurios.com\/es\/wp-json\/wp\/v2\/product_cat?post=17174"},{"taxonomy":"product_tag","embeddable":true,"href":"https:\/\/texmexcurios.com\/es\/wp-json\/wp\/v2\/product_tag?post=17174"}],"curies":[{"name":"wp","href":"https:\/\/api.w.org\/{rel}","templated":true}]}}