{"id":17160,"date":"2018-10-25T06:03:02","date_gmt":"2018-10-25T11:03:02","guid":{"rendered":"https:\/\/texmexcurios.com\/vela-de-cuarzo-claro\/"},"modified":"2026-03-04T04:48:41","modified_gmt":"2026-03-04T10:48:41","slug":"vela-de-cuarzo-claro","status":"publish","type":"product","link":"https:\/\/texmexcurios.com\/es\/producto\/vela-de-cuarzo-claro\/","title":{"rendered":"Vela de Cuarzo Claro"},"content":{"rendered":"<p>Enciende una vela de cuarzo transparente y limpia los espacios negativos de tu casa o negocio. Ritual de limpieza para la armon\u00eda, la curaci\u00f3n, la inspiraci\u00f3n y los nuevos comienzos. <\/p>\n<ul>\n<li>Vela con aroma floral y herbal<\/li>\n<li>Ver instrucciones m\u00e1s abajo<\/li>\n<\/ul>\n<p>PASO 1<br \/>\nEscribe tu petici\u00f3n, tus deseos en el papel de pergamino situado sobre la vela. Puedes utilizar las dos caras del papel. En resumen, escribe lo que deseas. Puedes incluir en el papel de pergamino detalles como nombre o nombres, d\u00eda o fechas de nacimiento, direcciones, n\u00fameros importantes, lo que creas que est\u00e1 relacionado con tu intenci\u00f3n.   <\/p>\n<p>A continuaci\u00f3n encontrar\u00e1s ejemplos de lo que puedes escribir en tu papel de pergamino para cada vela, que pueden aplicarse o no a tu situaci\u00f3n y sirven s\u00f3lo como gu\u00eda. En \u00faltima instancia, escribe tu intenci\u00f3n y lo que deseas recibir. <\/p>\n<p>Por ejemplo: (Despejar mi mente para conseguir paz y armon\u00eda) Incluye tu nombre. (Inspira pensamientos positivos y reduce mi estr\u00e9s)  Incluye tu nombre. (Aumentar mi energ\u00eda para que pueda ser fuerte y productiva) Incluye tu nombre.<\/p>\n<p>PASO 2<br \/>\nDobla el papel de pergamino 2 veces y col\u00f3calo debajo de la vela.<br \/>\nPASO 3<br \/>\nReza la oraci\u00f3n sobre la vela, medita y visualiza lo que quieres que ocurra; Reza la oraci\u00f3n a diario; Si la vela no incluye una oraci\u00f3n, reza tu oraci\u00f3n favorita.<\/p>\n","protected":false},"excerpt":{"rendered":"<p>Concede Equilibrio y Armon\u00eda<\/p>\n","protected":false},"featured_media":17166,"comment_status":"open","ping_status":"closed","template":"","meta":{"_kad_blocks_custom_css":"","_kad_blocks_head_custom_js":"","_kad_blocks_body_custom_js":"","_kad_blocks_footer_custom_js":"","_kad_post_transparent":"","_kad_post_title":"","_kad_post_layout":"","_kad_post_sidebar_id":"","_kad_post_content_style":"","_kad_post_vertical_padding":"","_kad_post_feature":"","_kad_post_feature_position":"","_kad_post_header":false,"_kad_post_footer":false,"_kad_post_classname":""},"product_brand":[],"product_cat":[3181,3183],"product_tag":[3185,3214,3189,3211,3207,3193,3191,3198,3187,3205,3202,3196,3108],"class_list":{"0":"post-17160","1":"product","2":"type-product","3":"status-publish","4":"has-post-thumbnail","6":"product_cat-elimina-la-mala-suerte","7":"product_cat-cura-con-cristales","8":"product_tag-cristales-curativos","9":"product_tag-cristales-para-la-limpieza","10":"product_tag-cuarzo-claro","11":"product_tag-magia-de-cristal","12":"product_tag-rituales-de-cristal","13":"product_tag-rituales-de-limpieza","14":"product_tag-vela-curativa","15":"product_tag-vela-de-cristal-curativo","16":"product_tag-vela-de-cristal-de-cuarzo-claro","17":"product_tag-vela-de-cuarzo-transparente-de-7-dias","18":"product_tag-vela-de-intencion-de-cuarzo-claro","19":"product_tag-vela-de-oracion","20":"product_tag-vela-espiritual","21":"product_shipping_class-tarifa-plana-3","23":"first","24":"instock","25":"taxable","26":"shipping-taxable","27":"purchasable","28":"product-type-simple","29":"entry","30":"content-bg","31":"loop-entry"},"taxonomy_info":{"product_cat":[{"value":3181,"label":"Elimina la mala suerte"},{"value":3183,"label":"Cura con cristales"}],"product_tag":[{"value":3185,"label":"cristales curativos"},{"value":3214,"label":"cristales para la limpieza."},{"value":3189,"label":"Cuarzo claro"},{"value":3211,"label":"magia de cristal."},{"value":3207,"label":"rituales de cristal"},{"value":3193,"label":"rituales de limpieza"},{"value":3191,"label":"vela curativa"},{"value":3198,"label":"vela de cristal curativo"},{"value":3187,"label":"Vela de Cristal de Cuarzo Claro"},{"value":3205,"label":"Vela de cuarzo transparente de 7 d\u00edas"},{"value":3202,"label":"vela de intenci\u00f3n de cuarzo claro"},{"value":3196,"label":"vela de oraci\u00f3n"},{"value":3108,"label":"vela espiritual"}]},"featured_image_src_large":["https:\/\/texmexcurios.com\/wp-content\/uploads\/2018\/10\/Clear-Quartz-scented-candle-1000.jpg",1000,1000,false],"author_info":[],"comment_info":0,"_links":{"self":[{"href":"https:\/\/texmexcurios.com\/es\/wp-json\/wp\/v2\/product\/17160","targetHints":{"allow":["GET"]}}],"collection":[{"href":"https:\/\/texmexcurios.com\/es\/wp-json\/wp\/v2\/product"}],"about":[{"href":"https:\/\/texmexcurios.com\/es\/wp-json\/wp\/v2\/types\/product"}],"replies":[{"embeddable":true,"href":"https:\/\/texmexcurios.com\/es\/wp-json\/wp\/v2\/comments?post=17160"}],"wp:featuredmedia":[{"embeddable":true,"href":"https:\/\/texmexcurios.com\/es\/wp-json\/wp\/v2\/media\/17166"}],"wp:attachment":[{"href":"https:\/\/texmexcurios.com\/es\/wp-json\/wp\/v2\/media?parent=17160"}],"wp:term":[{"taxonomy":"product_brand","embeddable":true,"href":"https:\/\/texmexcurios.com\/es\/wp-json\/wp\/v2\/product_brand?post=17160"},{"taxonomy":"product_cat","embeddable":true,"href":"https:\/\/texmexcurios.com\/es\/wp-json\/wp\/v2\/product_cat?post=17160"},{"taxonomy":"product_tag","embeddable":true,"href":"https:\/\/texmexcurios.com\/es\/wp-json\/wp\/v2\/product_tag?post=17160"}],"curies":[{"name":"wp","href":"https:\/\/api.w.org\/{rel}","templated":true}]}}