{"id":17148,"date":"2015-10-30T06:05:08","date_gmt":"2015-10-30T11:05:08","guid":{"rendered":"https:\/\/texmexcurios.com\/velas-7-arcangeles\/"},"modified":"2026-03-25T11:12:36","modified_gmt":"2026-03-25T16:12:36","slug":"velas-7-arcangeles","status":"publish","type":"product","link":"https:\/\/texmexcurios.com\/es\/producto\/velas-7-arcangeles\/","title":{"rendered":"Velas 7 Arc\u00e1ngeles"},"content":{"rendered":"<p>Realiza un ritual de las 7 Velas de los Arc\u00e1ngeles durante 3 semanas e interceder\u00e1n y te conceder\u00e1n a ti y a tu familia buena salud y bendiciones. Las velas espirituales se fijan con hierbas m\u00e1gicas, aceites espirituales y cristales curativos. <\/p>\n<ul>\n<li>Vela de oraci\u00f3n inspirada en \u00e1ngeles y santos<\/li>\n<li>La compra incluye 3 velas fijas<\/li>\n<li>Vela sin aroma<\/li>\n<li>Ver las instrucciones a continuaci\u00f3n<\/li>\n<\/ul>\n<p>PASO 1<br \/>\nEscribe tu petici\u00f3n, tus deseos en el papel de pergamino situado sobre la vela. Puedes utilizar las dos caras del papel. En resumen, escribe lo que deseas. Puedes incluir en el papel de pergamino detalles como nombre o nombres, d\u00eda o fechas de nacimiento, direcciones, n\u00fameros importantes, lo que creas que est\u00e1 relacionado con tu intenci\u00f3n.   <\/p>\n<p>A continuaci\u00f3n encontrar\u00e1s ejemplos de lo que puedes escribir en tu papel de pergamino para cada vela, que pueden aplicarse o no a tu situaci\u00f3n y sirven s\u00f3lo como gu\u00eda. En \u00faltima instancia, escribe tu intenci\u00f3n y lo que quieres recibir.<br \/>\nPor ejemplo: (7 Arc\u00e1ngeles, interv\u00e9n y abre las puertas a la prosperidad). (Arc\u00e1ngeles poderosos, proteged a mi familia y devolvedle la alegr\u00eda). Incluye el nombre de tu familia. 7 Arc\u00e1ngeles, conc\u00e9deme buena suerte, buena salud y alegr\u00eda) Incluye tu nombre y D.O.B.    <\/p>\n<p>PASO 2<br \/>\nDobla 2 veces el papel de pergamino y col\u00f3calo debajo de la vela.<\/p>\n<p>PASO 3<br \/>\nReza la oraci\u00f3n de la vela, medita y visualiza lo que quieres que ocurra; Reza la oraci\u00f3n diariamente; Si la vela no incluye una oraci\u00f3n, reza tu oraci\u00f3n favorita.<\/p>\n<p>Nota: Puedes realizar un trabajo con velas de 3 semanas quemando una vela por semana o disponer las tres velas en forma de tri\u00e1ngulo y quemarlas todas a la vez. Te recomendamos que empieces enseguida tu trabajo de quema de velas. <\/p>\n","protected":false},"excerpt":{"rendered":"<p>Concede bendiciones familiares<\/p>\n","protected":false},"featured_media":17154,"comment_status":"open","ping_status":"closed","template":"","meta":{"_kad_blocks_custom_css":"","_kad_blocks_head_custom_js":"","_kad_blocks_body_custom_js":"","_kad_blocks_footer_custom_js":"","_kad_post_transparent":"","_kad_post_title":"","_kad_post_layout":"","_kad_post_sidebar_id":"","_kad_post_content_style":"","_kad_post_vertical_padding":"","_kad_post_feature":"","_kad_post_feature_position":"","_kad_post_header":false,"_kad_post_footer":false,"_kad_post_classname":""},"product_brand":[],"product_cat":[3141,3142],"product_tag":[3147,3145,3160,3166,3156,3153,3148,3150,3163,3162,3158,3146,3152,3161,3139,3165,3144,3149,3151,3154,3107,3155,3105,3157,3103,3159,3164,3132,3143],"class_list":{"0":"post-17148","1":"product","2":"type-product","3":"status-publish","4":"has-post-thumbnail","6":"product_cat-mejora-tu-salud","7":"product_cat-bendiciones-para-el-hogar","8":"product_tag-3-velas-fijas","9":"product_tag-7-arcangeles","10":"product_tag-7-arcangeles-de-dios","11":"product_tag-7-arcangeles-de-dios-2","12":"product_tag-7-nombres-y-significados-de-los-arcangeles","13":"product_tag-7-rituales-de-arcangeles","14":"product_tag-bendecidos-y-preparados-por-curanderos","15":"product_tag-concede-bendiciones-familiares","16":"product_tag-los-siete-arcangeles-y-sus-funciones","17":"product_tag-rituales-de-los-7-arcangeles","18":"product_tag-rituales-de-salud","19":"product_tag-set-de-velas-7-arcangeles","20":"product_tag-te-conceda-a-ti-y-a-tu-familia-buena-salud","21":"product_tag-vela-7-arcangeles","22":"product_tag-vela-de-7-dias","23":"product_tag-vela-de-7-dias-de-los-siete-arcangeles","24":"product_tag-vela-de-los-7-arcangeles","25":"product_tag-vela-sin-aroma","26":"product_tag-velas-7-arcangeles","27":"product_tag-velas-compuestas-2","28":"product_tag-velas-curativas","29":"product_tag-velas-de-bendicion","30":"product_tag-velas-de-oracion-mexicanas","31":"product_tag-velas-de-salud","32":"product_tag-velas-de-santo-mexicano","33":"product_tag-velas-milagrosas","34":"product_tag-velas-para-la-salud","35":"product_tag-velas-rituales","36":"product_tag-velas-santo","37":"product_shipping_class-tarifa-plana-3","39":"first","40":"instock","41":"taxable","42":"shipping-taxable","43":"purchasable","44":"product-type-simple","45":"entry","46":"content-bg","47":"loop-entry"},"taxonomy_info":{"product_cat":[{"value":3141,"label":"Mejora tu salud"},{"value":3142,"label":"Bendiciones para el hogar"}],"product_tag":[{"value":3147,"label":"3 velas fijas"},{"value":3145,"label":"7 Arc\u00e1ngeles"},{"value":3160,"label":"7 Arc\u00e1ngeles de dios"},{"value":3166,"label":"7 Arc\u00e1ngeles de dios"},{"value":3156,"label":"7 Nombres y significados de los Arc\u00e1ngeles"},{"value":3153,"label":"7 Rituales de Arc\u00e1ngeles"},{"value":3148,"label":"Bendecidos y preparados por curanderos"},{"value":3150,"label":"Concede bendiciones familiares"},{"value":3163,"label":"Los siete Arc\u00e1ngeles y sus funciones"},{"value":3162,"label":"Rituales de los 7 Arc\u00e1ngeles"},{"value":3158,"label":"rituales de salud"},{"value":3146,"label":"Set de Velas 7 Arc\u00e1ngeles"},{"value":3152,"label":"Te conceda a ti y a tu familia buena salud"},{"value":3161,"label":"vela 7 Arc\u00e1ngeles"},{"value":3139,"label":"Vela de 7 d\u00edas"},{"value":3165,"label":"Vela de 7 d\u00edas de los Siete Arc\u00e1ngeles"},{"value":3144,"label":"Vela de los 7 Arc\u00e1ngeles"},{"value":3149,"label":"Vela sin aroma"},{"value":3151,"label":"Velas 7 Arc\u00e1ngeles"},{"value":3154,"label":"velas compuestas"},{"value":3107,"label":"velas curativas"},{"value":3155,"label":"velas de bendici\u00f3n"},{"value":3105,"label":"Velas de oraci\u00f3n mexicanas"},{"value":3157,"label":"velas de salud"},{"value":3103,"label":"Velas de santo mexicano"},{"value":3159,"label":"velas milagrosas"},{"value":3164,"label":"velas para la salud"},{"value":3132,"label":"velas rituales"},{"value":3143,"label":"Velas Santo"}]},"featured_image_src_large":["https:\/\/texmexcurios.com\/wp-content\/uploads\/2015\/10\/7-Archangles-candles-1000.jpg",1000,1000,false],"author_info":[],"comment_info":0,"_links":{"self":[{"href":"https:\/\/texmexcurios.com\/es\/wp-json\/wp\/v2\/product\/17148","targetHints":{"allow":["GET"]}}],"collection":[{"href":"https:\/\/texmexcurios.com\/es\/wp-json\/wp\/v2\/product"}],"about":[{"href":"https:\/\/texmexcurios.com\/es\/wp-json\/wp\/v2\/types\/product"}],"replies":[{"embeddable":true,"href":"https:\/\/texmexcurios.com\/es\/wp-json\/wp\/v2\/comments?post=17148"}],"wp:featuredmedia":[{"embeddable":true,"href":"https:\/\/texmexcurios.com\/es\/wp-json\/wp\/v2\/media\/17154"}],"wp:attachment":[{"href":"https:\/\/texmexcurios.com\/es\/wp-json\/wp\/v2\/media?parent=17148"}],"wp:term":[{"taxonomy":"product_brand","embeddable":true,"href":"https:\/\/texmexcurios.com\/es\/wp-json\/wp\/v2\/product_brand?post=17148"},{"taxonomy":"product_cat","embeddable":true,"href":"https:\/\/texmexcurios.com\/es\/wp-json\/wp\/v2\/product_cat?post=17148"},{"taxonomy":"product_tag","embeddable":true,"href":"https:\/\/texmexcurios.com\/es\/wp-json\/wp\/v2\/product_tag?post=17148"}],"curies":[{"name":"wp","href":"https:\/\/api.w.org\/{rel}","templated":true}]}}