{"id":17135,"date":"2015-10-30T01:05:08","date_gmt":"2015-10-30T06:05:08","guid":{"rendered":"https:\/\/texmexcurios.com\/vela-justo-juez-justo-juez\/"},"modified":"2026-03-13T07:49:00","modified_gmt":"2026-03-13T12:49:00","slug":"vela-justo-juez-justo-juez","status":"publish","type":"product","link":"https:\/\/texmexcurios.com\/es\/producto\/vela-justo-juez-justo-juez\/","title":{"rendered":"Vela Justo Juez &#8211; Justo Juez"},"content":{"rendered":"<p>Enciende una vela de Justo Juez para pedir justicia y equidad y para ganarte la compasi\u00f3n del Juez y del jurado en tu caso legal. Este ritual te ayudar\u00e1 en tu situaci\u00f3n si te enfrentas a una sentencia y quieres compasi\u00f3n del juez o del jurado. Quema las velas de Justo Juez si t\u00fa, un amigo o un familiar hab\u00e9is sido acusados falsamente de un delito.  <\/p>\n<ul>\n<li>Subvenciones libertad condicional<\/li>\n<li>Ganarse la simpat\u00eda del Juez<\/li>\n<li>Aroma floral y herbal<\/li>\n<li>Ver instrucciones m\u00e1s abajo<\/li>\n<\/ul>\n<p>PASO 1<br \/>\nEscribe tu petici\u00f3n, tus deseos en el papel de pergamino situado sobre la vela. Puedes utilizar las dos caras del papel. En resumen, escribe lo que deseas. Puedes incluir en el papel de pergamino detalles como nombre o nombres, d\u00eda o fechas de nacimiento, direcciones, n\u00fameros importantes, lo que creas que est\u00e1 relacionado con tu intenci\u00f3n.   <\/p>\n<p>A continuaci\u00f3n encontrar\u00e1s ejemplos de lo que puedes escribir en tu papel de pergamino para cada vela, que pueden aplicarse o no a tu situaci\u00f3n y sirven s\u00f3lo como gu\u00eda. En \u00faltima instancia, escribe tu intenci\u00f3n y lo que deseas recibir.<br \/>\n(Juez Justo, interviene y abandona mi caso) Incluye el caso n\u00ba (Medito y rezo para que haya justicia y equidad en mi caso). ( Medito y rezo para que el Juez o el Jurado tengan piedad).  <\/p>\n<p>PASO 2<br \/>\nDobla 2 veces el papel de pergamino y col\u00f3calo debajo de la vela.<\/p>\n<p>PASO 3<br \/>\nReza la oraci\u00f3n de la vela, medita y visualiza lo que quieres que ocurra; Reza la oraci\u00f3n diariamente; Si la vela no incluye una oraci\u00f3n, reza tu oraci\u00f3n favorita.<\/p>\n","protected":false},"excerpt":{"rendered":"<p>Subvenciones Justicia y equidad<\/p>\n","protected":false},"featured_media":17145,"comment_status":"open","ping_status":"closed","template":"","meta":{"_kad_blocks_custom_css":"","_kad_blocks_head_custom_js":"","_kad_blocks_body_custom_js":"","_kad_blocks_footer_custom_js":"","_kad_post_transparent":"","_kad_post_title":"","_kad_post_layout":"","_kad_post_sidebar_id":"","_kad_post_content_style":"","_kad_post_vertical_padding":"","_kad_post_feature":"","_kad_post_feature_position":"","_kad_post_header":false,"_kad_post_footer":false,"_kad_post_classname":""},"product_brand":[],"product_cat":[3097],"product_tag":[3116,3102,3122,3120,3111,3118,3125,3128,3114,3108,3109,3099,3106,3105,3103],"class_list":{"0":"post-17135","1":"product","2":"type-product","3":"status-publish","4":"has-post-thumbnail","6":"product_cat-gana-tu-caso-judicial","7":"product_tag-arreglado-justo-juez-vela","8":"product_tag-justo-juez","9":"product_tag-justo-juez-en-espanol","10":"product_tag-justo-juez-veladora","11":"product_tag-rituales-de-los-juicios","12":"product_tag-significado-de-justo-juez","13":"product_tag-solo-juez-vela-de-oracion","14":"product_tag-vela-de-7-dias-justo-juez","15":"product_tag-vela-de-oracion-justo-juez","16":"product_tag-vela-espiritual","17":"product_tag-vela-fija","18":"product_tag-vela-justo-juez","19":"product_tag-velas-compuestas","20":"product_tag-velas-de-oracion-mexicanas","21":"product_tag-velas-de-santo-mexicano","22":"product_shipping_class-tarifa-plana-3","24":"first","25":"instock","26":"taxable","27":"shipping-taxable","28":"purchasable","29":"product-type-simple","30":"entry","31":"content-bg","32":"loop-entry"},"taxonomy_info":{"product_cat":[{"value":3097,"label":"Gana tu caso judicial"}],"product_tag":[{"value":3116,"label":"arreglado justo juez vela"},{"value":3102,"label":"Justo Juez"},{"value":3122,"label":"Justo Juez en espa\u00f1ol"},{"value":3120,"label":"Justo Juez veladora"},{"value":3111,"label":"rituales de los juicios"},{"value":3118,"label":"Significado de Justo Juez"},{"value":3125,"label":"S\u00f3lo Juez vela de oraci\u00f3n"},{"value":3128,"label":"Vela de 7 d\u00edas Justo Juez"},{"value":3114,"label":"Vela de oraci\u00f3n Justo Juez"},{"value":3108,"label":"vela espiritual"},{"value":3109,"label":"vela fija"},{"value":3099,"label":"Vela Justo Juez"},{"value":3106,"label":"velas compuestas"},{"value":3105,"label":"Velas de oraci\u00f3n mexicanas"},{"value":3103,"label":"Velas de santo mexicano"}]},"featured_image_src_large":["https:\/\/texmexcurios.com\/wp-content\/uploads\/2015\/10\/Justo-Juez-scented-candle-1000.jpg",1000,1000,false],"author_info":[],"comment_info":0,"_links":{"self":[{"href":"https:\/\/texmexcurios.com\/es\/wp-json\/wp\/v2\/product\/17135","targetHints":{"allow":["GET"]}}],"collection":[{"href":"https:\/\/texmexcurios.com\/es\/wp-json\/wp\/v2\/product"}],"about":[{"href":"https:\/\/texmexcurios.com\/es\/wp-json\/wp\/v2\/types\/product"}],"replies":[{"embeddable":true,"href":"https:\/\/texmexcurios.com\/es\/wp-json\/wp\/v2\/comments?post=17135"}],"wp:featuredmedia":[{"embeddable":true,"href":"https:\/\/texmexcurios.com\/es\/wp-json\/wp\/v2\/media\/17145"}],"wp:attachment":[{"href":"https:\/\/texmexcurios.com\/es\/wp-json\/wp\/v2\/media?parent=17135"}],"wp:term":[{"taxonomy":"product_brand","embeddable":true,"href":"https:\/\/texmexcurios.com\/es\/wp-json\/wp\/v2\/product_brand?post=17135"},{"taxonomy":"product_cat","embeddable":true,"href":"https:\/\/texmexcurios.com\/es\/wp-json\/wp\/v2\/product_cat?post=17135"},{"taxonomy":"product_tag","embeddable":true,"href":"https:\/\/texmexcurios.com\/es\/wp-json\/wp\/v2\/product_tag?post=17135"}],"curies":[{"name":"wp","href":"https:\/\/api.w.org\/{rel}","templated":true}]}}