{"id":17101,"date":"2016-09-22T09:54:07","date_gmt":"2016-09-22T14:54:07","guid":{"rendered":"https:\/\/texmexcurios.com\/nuestra-tienda\/"},"modified":"2026-02-05T07:00:20","modified_gmt":"2026-02-05T13:00:20","slug":"nuestra-tienda","status":"publish","type":"page","link":"https:\/\/texmexcurios.com\/es\/nuestra-tienda\/","title":{"rendered":"Nuestra tienda"},"content":{"rendered":"\n<p>Tex-Mex Curios Incorporated es una empresa privada que sigue siendo propiedad y est\u00e1 gestionada por la familia original, y nuestra tienda se encuentra en Corpus Christi, Texas, EE.UU. Llevamos m\u00e1s de 70 a\u00f1os vendiendo productos para la mente, el cuerpo y el esp\u00edritu. <\/p>\n<style>.kb-google-maps-container_3eaaff-ab{height:600px;}<\/style>\n<div class=\"kb-google-maps-container kb-google-maps-container_3eaaff-ab\" data-mapid=\"_3eaaff-ab\"><iframe width=\"100%\" height=\"100%\" style=\"border:0\" loading=\"lazy\" src=\"https:\/\/www.google.com\/maps\/embed\/v1\/place?key=AIzaSyBAM2o7PiQqwk15LC1XRH2e_KJ-jUa7KYk&amp;zoom=11&amp;maptype=roadmap&amp;q=Tex-Mex%20Curios%20316%20N%20Staples%20St%2C%20Corpus%20Christi%2C%20TX%2078401%2C%20United%20States\"><\/iframe><\/div>\n<script>function kb_google_map_3eaaffab() { let center = { lat: 37.8201, lng: -122.4781}; let map = new google.maps.Map(document.getElementById(\"kb-google-map_3eaaffab\"), {\n\t\t\t\t\t    zoom: 11,\n\t\t\t\t\t    center: center,});let marker = new google.maps.Marker({   position: { lat: 37.8201, lng: -122.4781},    map: map,  });}<\/script>","protected":false},"excerpt":{"rendered":"<p>Tex-Mex Curios Incorporated es una empresa privada que sigue siendo propiedad y est\u00e1 gestionada por la familia original, y nuestra tienda se encuentra en Corpus Christi, Texas, EE.UU. Llevamos m\u00e1s de 70 a\u00f1os vendiendo productos para la mente, el cuerpo y el esp\u00edritu.<\/p>\n","protected":false},"author":1,"featured_media":0,"parent":0,"menu_order":0,"comment_status":"closed","ping_status":"closed","template":"","meta":{"_kad_blocks_custom_css":"","_kad_blocks_head_custom_js":"","_kad_blocks_body_custom_js":"","_kad_blocks_footer_custom_js":"","_kad_post_transparent":"","_kad_post_title":"","_kad_post_layout":"","_kad_post_sidebar_id":"","_kad_post_content_style":"","_kad_post_vertical_padding":"","_kad_post_feature":"","_kad_post_feature_position":"","_kad_post_header":false,"_kad_post_footer":false,"_kad_post_classname":"","footnotes":""},"class_list":["post-17101","page","type-page","status-publish","hentry"],"taxonomy_info":[],"featured_image_src_large":false,"author_info":{"display_name":"Webmaster","author_link":"https:\/\/texmexcurios.com\/es\/author\/webmaster\/"},"comment_info":0,"_links":{"self":[{"href":"https:\/\/texmexcurios.com\/es\/wp-json\/wp\/v2\/pages\/17101","targetHints":{"allow":["GET"]}}],"collection":[{"href":"https:\/\/texmexcurios.com\/es\/wp-json\/wp\/v2\/pages"}],"about":[{"href":"https:\/\/texmexcurios.com\/es\/wp-json\/wp\/v2\/types\/page"}],"author":[{"embeddable":true,"href":"https:\/\/texmexcurios.com\/es\/wp-json\/wp\/v2\/users\/1"}],"replies":[{"embeddable":true,"href":"https:\/\/texmexcurios.com\/es\/wp-json\/wp\/v2\/comments?post=17101"}],"version-history":[{"count":0,"href":"https:\/\/texmexcurios.com\/es\/wp-json\/wp\/v2\/pages\/17101\/revisions"}],"wp:attachment":[{"href":"https:\/\/texmexcurios.com\/es\/wp-json\/wp\/v2\/media?parent=17101"}],"curies":[{"name":"wp","href":"https:\/\/api.w.org\/{rel}","templated":true}]}}