{"id":17089,"date":"2015-10-29T06:57:48","date_gmt":"2015-10-29T11:57:48","guid":{"rendered":"https:\/\/texmexcurios.com\/historia-de-la-tienda\/"},"modified":"2026-02-04T02:40:29","modified_gmt":"2026-02-04T08:40:29","slug":"historia-de-la-tienda","status":"publish","type":"page","link":"https:\/\/texmexcurios.com\/es\/historia-de-la-tienda\/","title":{"rendered":"Historia de la tienda"},"content":{"rendered":"<style>.wp-block-kadence-advancedheading.kt-adv-heading785_7d89dd-fa, .wp-block-kadence-advancedheading.kt-adv-heading785_7d89dd-fa[data-kb-block=\"kb-adv-heading785_7d89dd-fa\"]{font-style:normal;}.wp-block-kadence-advancedheading.kt-adv-heading785_7d89dd-fa mark.kt-highlight, .wp-block-kadence-advancedheading.kt-adv-heading785_7d89dd-fa[data-kb-block=\"kb-adv-heading785_7d89dd-fa\"] mark.kt-highlight{font-style:normal;color:#f76a0c;-webkit-box-decoration-break:clone;box-decoration-break:clone;padding-top:0px;padding-right:0px;padding-bottom:0px;padding-left:0px;}.wp-block-kadence-advancedheading.kt-adv-heading785_7d89dd-fa img.kb-inline-image, .wp-block-kadence-advancedheading.kt-adv-heading785_7d89dd-fa[data-kb-block=\"kb-adv-heading785_7d89dd-fa\"] img.kb-inline-image{width:150px;vertical-align:baseline;}<\/style>\n<h2 class=\"kt-adv-heading785_7d89dd-fa wp-block-kadence-advancedheading\" data-kb-block=\"kb-adv-heading785_7d89dd-fa\">Historia de la tienda Tex Mex Curios<\/h2>\n\n<p>  Tex-Mex Curios Incorporated es una empresa privada que sigue siendo propiedad de la familia original. Llevamos m\u00e1s de 70 a\u00f1os vendiendo productos para la mente, el cuerpo y el esp\u00edritu. <\/p>\n\n<p>En 1944 Angelita y Alfonso Orea, nuestros abuelos, compraron el Puesto de Noticias Tex-Mex a un comerciante local. Tras la adquisici\u00f3n, el Sr. y la Sra. Orea ampliaron el negocio de quiosco de prensa y tienda general para incluir remedios herbales, medicina natural y productos m\u00edsticos. El negocio sigue creciendo como monumento hist\u00f3rico de la comunidad de Corpus Christi. La visi\u00f3n de los Orea de ofrecer a su comunidad productos y servicios naturales que ayuden a sanar la mente, el cuerpo y el esp\u00edritu sigue siendo hoy la voz principal de la familia Tex-Mex Curios.   <\/p>\n\n<p>Tex-Mex Herb shop ofrece tisanas, combinaciones de mezclas de hierbas, suplementos de hierbas y especias medicinales de primera calidad \u00a1a buenos precios! La Herborister\u00eda Tex-Mex tambi\u00e9n vende medicina natural a la antigua usanza, que lleva d\u00e9cadas vendi\u00e9ndose en el mercado. Linimentos y cremas para dolores y molestias; ung\u00fcentos, cremas y jabones para el cuidado de la piel corporal y facial. Remedios capilares para el crecimiento del cabello y gel de aloe vera de primera calidad.   <\/p>\n<style>.wp-block-kadence-advancedgallery.kb-gallery-wrap-id-785_bf0199-82{overflow:hidden;}.kb-gallery-id-785_bf0199-82 .kadence-blocks-gallery-item .kb-gal-image-radius, .kb-gallery-id-785_bf0199-82 .kb-slide-item .kb-gal-image-radius img{border-radius:3px 3px 3px 3px;;}.kb-gallery-wrap-id-785_bf0199-82.wp-block-kadence-advancedgallery{overflow:visible;}.kb-gallery-wrap-id-785_bf0199-82.wp-block-kadence-advancedgallery .kt-blocks-carousel{overflow:visible;}<\/style><div class=\"kb-gallery-wrap-id-785_bf0199-82 alignnone wp-block-kadence-advancedgallery\"><div class=\"kb-gallery-ul kb-gallery-non-static kb-gallery-type-carousel kb-gallery-id-785_bf0199-82 kb-gallery-caption-style-bottom-hover kb-gallery-filter-none kb-gallery-magnific-init\" data-image-filter=\"none\" data-lightbox-caption=\"true\"><div class=\"kt-blocks-carousel splide kt-carousel-container-dotstyle-dark kt-carousel-arrowstyle-whiteondark kt-carousel-dotstyle-dark kb-slider-group-arrow kb-slider-arrow-position-center\" data-columns-xxl=\"3\" data-columns-xl=\"3\" data-columns-md=\"2\" data-columns-sm=\"2\" data-columns-xs=\"1\" data-columns-ss=\"1\" data-slider-anim-speed=\"400\" data-slider-scroll=\"1\" data-slider-arrows=\"true\" data-slider-dots=\"true\" data-slider-hover-pause=\"false\" data-slider-auto=\"\" data-slider-speed=\"7000\" data-slider-gap=\"10px\" data-slider-gap-tablet=\"10px\" data-slider-gap-mobile=\"10px\" data-show-pause-button=\"false\" data-slider-label=\"Galer\u00eda de fotos Carrusel\"><div class=\"splide__track\"><ul class=\"kt-blocks-carousel-init kb-gallery-carousel splide__list\"><li class=\"kb-slide-item kb-gallery-carousel-item splide__slide\"><div class=\"kadence-blocks-gallery-item\"><div class=\"kadence-blocks-gallery-item-inner\"><figure class=\"kb-gallery-figure kb-gallery-item-has-link kadence-blocks-gallery-item-hide-caption\"><a href=\"https:\/\/texmexcurios.com\/wp-content\/uploads\/2024\/08\/Fregoso-1.jpg\" class=\"kb-gallery-item-link\"   role=\"button\" aria-haspopup=\"dialog\"><div class=\"kb-gal-image-radius\"><div class=\"kb-gallery-image-contain kadence-blocks-gallery-intrinsic kb-gallery-image-ratio-land43 kb-has-image-ratio-land43\" ><img loading=\"lazy\" decoding=\"async\" src=\"https:\/\/texmexcurios.com\/wp-content\/uploads\/2024\/08\/Fregoso-1.jpg\" width=\"900\" height=\"636\" alt=\"\" data-full-image=\"https:\/\/texmexcurios.com\/wp-content\/uploads\/2024\/08\/Fregoso-1.jpg\" data-light-image=\"https:\/\/texmexcurios.com\/wp-content\/uploads\/2024\/08\/Fregoso-1.jpg\" data-id=\"15770\" class=\"wp-image-15770 skip-lazy\" title=\"\" srcset=\"https:\/\/texmexcurios.com\/wp-content\/uploads\/2024\/08\/Fregoso-1.jpg 900w, https:\/\/texmexcurios.com\/wp-content\/uploads\/2024\/08\/Fregoso-1-300x212.jpg 300w, https:\/\/texmexcurios.com\/wp-content\/uploads\/2024\/08\/Fregoso-1-150x106.jpg 150w, https:\/\/texmexcurios.com\/wp-content\/uploads\/2024\/08\/Fregoso-1-768x543.jpg 768w\" sizes=\"auto, (max-width: 900px) 100vw, 900px\" \/><\/div><\/div><\/a><\/figure><\/div><\/div><\/li><li class=\"kb-slide-item kb-gallery-carousel-item splide__slide\"><div class=\"kadence-blocks-gallery-item\"><div class=\"kadence-blocks-gallery-item-inner\"><figure class=\"kb-gallery-figure kb-gallery-item-has-link kadence-blocks-gallery-item-hide-caption\"><a href=\"https:\/\/texmexcurios.com\/wp-content\/uploads\/2024\/08\/Fregoso-2.jpg\" class=\"kb-gallery-item-link\"   role=\"button\" aria-haspopup=\"dialog\"><div class=\"kb-gal-image-radius\"><div class=\"kb-gallery-image-contain kadence-blocks-gallery-intrinsic kb-gallery-image-ratio-land43 kb-has-image-ratio-land43\" ><img loading=\"lazy\" decoding=\"async\" src=\"https:\/\/texmexcurios.com\/wp-content\/uploads\/2024\/08\/Fregoso-2.jpg\" width=\"900\" height=\"755\" alt=\"\" data-full-image=\"https:\/\/texmexcurios.com\/wp-content\/uploads\/2024\/08\/Fregoso-2.jpg\" data-light-image=\"https:\/\/texmexcurios.com\/wp-content\/uploads\/2024\/08\/Fregoso-2.jpg\" data-id=\"15771\" class=\"wp-image-15771 skip-lazy\" title=\"\" srcset=\"https:\/\/texmexcurios.com\/wp-content\/uploads\/2024\/08\/Fregoso-2.jpg 900w, https:\/\/texmexcurios.com\/wp-content\/uploads\/2024\/08\/Fregoso-2-300x252.jpg 300w, https:\/\/texmexcurios.com\/wp-content\/uploads\/2024\/08\/Fregoso-2-150x126.jpg 150w, https:\/\/texmexcurios.com\/wp-content\/uploads\/2024\/08\/Fregoso-2-768x644.jpg 768w\" sizes=\"auto, (max-width: 900px) 100vw, 900px\" \/><\/div><\/div><\/a><\/figure><\/div><\/div><\/li><li class=\"kb-slide-item kb-gallery-carousel-item splide__slide\"><div class=\"kadence-blocks-gallery-item\"><div class=\"kadence-blocks-gallery-item-inner\"><figure class=\"kb-gallery-figure kb-gallery-item-has-link kadence-blocks-gallery-item-hide-caption\"><a href=\"https:\/\/texmexcurios.com\/wp-content\/uploads\/2024\/08\/Fregoso-3.jpg\" class=\"kb-gallery-item-link\"   role=\"button\" aria-haspopup=\"dialog\"><div class=\"kb-gal-image-radius\"><div class=\"kb-gallery-image-contain kadence-blocks-gallery-intrinsic kb-gallery-image-ratio-land43 kb-has-image-ratio-land43\" ><img loading=\"lazy\" decoding=\"async\" src=\"https:\/\/texmexcurios.com\/wp-content\/uploads\/2024\/08\/Fregoso-3.jpg\" width=\"900\" height=\"665\" alt=\"\" data-full-image=\"https:\/\/texmexcurios.com\/wp-content\/uploads\/2024\/08\/Fregoso-3.jpg\" data-light-image=\"https:\/\/texmexcurios.com\/wp-content\/uploads\/2024\/08\/Fregoso-3.jpg\" data-id=\"15772\" class=\"wp-image-15772 skip-lazy\" title=\"\" srcset=\"https:\/\/texmexcurios.com\/wp-content\/uploads\/2024\/08\/Fregoso-3.jpg 900w, https:\/\/texmexcurios.com\/wp-content\/uploads\/2024\/08\/Fregoso-3-300x222.jpg 300w, https:\/\/texmexcurios.com\/wp-content\/uploads\/2024\/08\/Fregoso-3-150x111.jpg 150w, https:\/\/texmexcurios.com\/wp-content\/uploads\/2024\/08\/Fregoso-3-768x567.jpg 768w\" sizes=\"auto, (max-width: 900px) 100vw, 900px\" \/><\/div><\/div><\/a><\/figure><\/div><\/div><\/li><li class=\"kb-slide-item kb-gallery-carousel-item splide__slide\"><div class=\"kadence-blocks-gallery-item\"><div class=\"kadence-blocks-gallery-item-inner\"><figure class=\"kb-gallery-figure kb-gallery-item-has-link kadence-blocks-gallery-item-hide-caption\"><a href=\"https:\/\/texmexcurios.com\/wp-content\/uploads\/2024\/08\/Fregoso-4.jpg\" class=\"kb-gallery-item-link\"   role=\"button\" aria-haspopup=\"dialog\"><div class=\"kb-gal-image-radius\"><div class=\"kb-gallery-image-contain kadence-blocks-gallery-intrinsic kb-gallery-image-ratio-land43 kb-has-image-ratio-land43\" ><img loading=\"lazy\" decoding=\"async\" src=\"https:\/\/texmexcurios.com\/wp-content\/uploads\/2024\/08\/Fregoso-4.jpg\" width=\"900\" height=\"613\" alt=\"\" data-full-image=\"https:\/\/texmexcurios.com\/wp-content\/uploads\/2024\/08\/Fregoso-4.jpg\" data-light-image=\"https:\/\/texmexcurios.com\/wp-content\/uploads\/2024\/08\/Fregoso-4.jpg\" data-id=\"15773\" class=\"wp-image-15773 skip-lazy\" title=\"\" srcset=\"https:\/\/texmexcurios.com\/wp-content\/uploads\/2024\/08\/Fregoso-4.jpg 900w, https:\/\/texmexcurios.com\/wp-content\/uploads\/2024\/08\/Fregoso-4-300x204.jpg 300w, https:\/\/texmexcurios.com\/wp-content\/uploads\/2024\/08\/Fregoso-4-150x102.jpg 150w, https:\/\/texmexcurios.com\/wp-content\/uploads\/2024\/08\/Fregoso-4-768x523.jpg 768w\" sizes=\"auto, (max-width: 900px) 100vw, 900px\" \/><\/div><\/div><\/a><\/figure><\/div><\/div><\/li><li class=\"kb-slide-item kb-gallery-carousel-item splide__slide\"><div class=\"kadence-blocks-gallery-item\"><div class=\"kadence-blocks-gallery-item-inner\"><figure class=\"kb-gallery-figure kb-gallery-item-has-link kadence-blocks-gallery-item-hide-caption\"><a href=\"https:\/\/texmexcurios.com\/wp-content\/uploads\/2024\/08\/Fregoso-5.jpg\" class=\"kb-gallery-item-link\"   role=\"button\" aria-haspopup=\"dialog\"><div class=\"kb-gal-image-radius\"><div class=\"kb-gallery-image-contain kadence-blocks-gallery-intrinsic kb-gallery-image-ratio-land43 kb-has-image-ratio-land43\" ><img loading=\"lazy\" decoding=\"async\" src=\"https:\/\/texmexcurios.com\/wp-content\/uploads\/2024\/08\/Fregoso-5.jpg\" width=\"900\" height=\"518\" alt=\"\" data-full-image=\"https:\/\/texmexcurios.com\/wp-content\/uploads\/2024\/08\/Fregoso-5.jpg\" data-light-image=\"https:\/\/texmexcurios.com\/wp-content\/uploads\/2024\/08\/Fregoso-5.jpg\" data-id=\"15774\" class=\"wp-image-15774 skip-lazy\" title=\"\" srcset=\"https:\/\/texmexcurios.com\/wp-content\/uploads\/2024\/08\/Fregoso-5.jpg 900w, https:\/\/texmexcurios.com\/wp-content\/uploads\/2024\/08\/Fregoso-5-300x173.jpg 300w, https:\/\/texmexcurios.com\/wp-content\/uploads\/2024\/08\/Fregoso-5-150x86.jpg 150w, https:\/\/texmexcurios.com\/wp-content\/uploads\/2024\/08\/Fregoso-5-768x442.jpg 768w\" sizes=\"auto, (max-width: 900px) 100vw, 900px\" \/><\/div><\/div><\/a><\/figure><\/div><\/div><\/li><\/ul><\/div><\/div><\/div><\/div><style>.wp-block-kadence-advancedheading.kt-adv-heading785_9fd8ba-2a, .wp-block-kadence-advancedheading.kt-adv-heading785_9fd8ba-2a[data-kb-block=\"kb-adv-heading785_9fd8ba-2a\"]{font-style:normal;}.wp-block-kadence-advancedheading.kt-adv-heading785_9fd8ba-2a mark.kt-highlight, .wp-block-kadence-advancedheading.kt-adv-heading785_9fd8ba-2a[data-kb-block=\"kb-adv-heading785_9fd8ba-2a\"] mark.kt-highlight{font-style:normal;color:#f76a0c;-webkit-box-decoration-break:clone;box-decoration-break:clone;padding-top:0px;padding-right:0px;padding-bottom:0px;padding-left:0px;}.wp-block-kadence-advancedheading.kt-adv-heading785_9fd8ba-2a img.kb-inline-image, .wp-block-kadence-advancedheading.kt-adv-heading785_9fd8ba-2a[data-kb-block=\"kb-adv-heading785_9fd8ba-2a\"] img.kb-inline-image{width:150px;vertical-align:baseline;}<\/style>\n<h2 class=\"kt-adv-heading785_9fd8ba-2a wp-block-kadence-advancedheading\" data-kb-block=\"kb-adv-heading785_9fd8ba-2a\">Hierbas y productos naturales<\/h2>\n\n<p>Nuestro equipo se enorgullece de investigar los mejores productos herbales y naturales disponibles en el mercado. Adem\u00e1s, nos especializamos en hierbas mexicanas dif\u00edciles de encontrar. La tienda de velas Tex-Mex vende velas populares fijas para el amor, la buena suerte, el trabajo, el dinero, la protecci\u00f3n, la curaci\u00f3n espiritual y la orientaci\u00f3n. Tambi\u00e9n ofrecemos servicios privados de quema de velas en este sitio.   <\/p>\n\n<p>La tienda de magia Tex-Mex vende productos como incienso, salvia, aceites espirituales, perfumes y jabones, amuletos de la buena suerte, cristales, cartas del tarot, juegos rituales completos y aguas espirituales. En la tienda de magia Tex-Mex tambi\u00e9n se ofrecen servicios privados de limpieza. La tienda religiosa Tex-Mex vende productos religiosos para la curaci\u00f3n y la protecci\u00f3n espirituales.  <\/p>\n\n<p>Hemos tenido el privilegio de servir a nuestros clientes desde 1944 y apreciamos enormemente las innumerables relaciones que hemos establecido. Las necesidades de nuestros clientes son nuestra m\u00e1xima prioridad y los productos de nuestros sitios web reflejan lo que nos piden a diario. Nuestra misi\u00f3n y visi\u00f3n es seguir ofreciendo productos que han formado parte de nuestra civilizaci\u00f3n durante cientos de a\u00f1os.  <\/p>\n<style>.wp-block-kadence-advancedheading.kt-adv-heading785_328650-78, .wp-block-kadence-advancedheading.kt-adv-heading785_328650-78[data-kb-block=\"kb-adv-heading785_328650-78\"]{font-style:normal;}.wp-block-kadence-advancedheading.kt-adv-heading785_328650-78 mark.kt-highlight, .wp-block-kadence-advancedheading.kt-adv-heading785_328650-78[data-kb-block=\"kb-adv-heading785_328650-78\"] mark.kt-highlight{font-style:normal;color:#f76a0c;-webkit-box-decoration-break:clone;box-decoration-break:clone;padding-top:0px;padding-right:0px;padding-bottom:0px;padding-left:0px;}.wp-block-kadence-advancedheading.kt-adv-heading785_328650-78 img.kb-inline-image, .wp-block-kadence-advancedheading.kt-adv-heading785_328650-78[data-kb-block=\"kb-adv-heading785_328650-78\"] img.kb-inline-image{width:150px;vertical-align:baseline;}<\/style>\n<h3 class=\"kt-adv-heading785_328650-78 wp-block-kadence-advancedheading\" data-kb-block=\"kb-adv-heading785_328650-78\">Te damos la bienvenida a nuestro sitio y esperamos mantener una relaci\u00f3n duradera.<\/h3>\n","protected":false},"excerpt":{"rendered":"<p>Historia de la tienda Tex Mex Curios Tex-Mex Curios Incorporated es una empresa privada que sigue siendo propiedad de la familia original. Llevamos m\u00e1s de 70 a\u00f1os vendiendo productos para la mente, el cuerpo y el esp\u00edritu. En 1944 Angelita y Alfonso Orea, nuestros abuelos, compraron el Puesto de Noticias Tex-Mex a un comerciante local&#8230;.<\/p>\n","protected":false},"author":1,"featured_media":0,"parent":0,"menu_order":0,"comment_status":"closed","ping_status":"closed","template":"","meta":{"_kad_blocks_custom_css":"","_kad_blocks_head_custom_js":"","_kad_blocks_body_custom_js":"","_kad_blocks_footer_custom_js":"","_kad_post_transparent":"","_kad_post_title":"","_kad_post_layout":"","_kad_post_sidebar_id":"","_kad_post_content_style":"","_kad_post_vertical_padding":"","_kad_post_feature":"","_kad_post_feature_position":"","_kad_post_header":false,"_kad_post_footer":false,"_kad_post_classname":"","footnotes":""},"class_list":["post-17089","page","type-page","status-publish","hentry"],"taxonomy_info":[],"featured_image_src_large":false,"author_info":{"display_name":"Webmaster","author_link":"https:\/\/texmexcurios.com\/es\/author\/webmaster\/"},"comment_info":0,"_links":{"self":[{"href":"https:\/\/texmexcurios.com\/es\/wp-json\/wp\/v2\/pages\/17089","targetHints":{"allow":["GET"]}}],"collection":[{"href":"https:\/\/texmexcurios.com\/es\/wp-json\/wp\/v2\/pages"}],"about":[{"href":"https:\/\/texmexcurios.com\/es\/wp-json\/wp\/v2\/types\/page"}],"author":[{"embeddable":true,"href":"https:\/\/texmexcurios.com\/es\/wp-json\/wp\/v2\/users\/1"}],"replies":[{"embeddable":true,"href":"https:\/\/texmexcurios.com\/es\/wp-json\/wp\/v2\/comments?post=17089"}],"version-history":[{"count":0,"href":"https:\/\/texmexcurios.com\/es\/wp-json\/wp\/v2\/pages\/17089\/revisions"}],"wp:attachment":[{"href":"https:\/\/texmexcurios.com\/es\/wp-json\/wp\/v2\/media?parent=17089"}],"curies":[{"name":"wp","href":"https:\/\/api.w.org\/{rel}","templated":true}]}}