{"id":17081,"date":"2020-09-16T07:50:29","date_gmt":"2020-09-16T12:50:29","guid":{"rendered":"https:\/\/texmexcurios.com\/politica-de-privacidad\/"},"modified":"2026-02-04T02:40:06","modified_gmt":"2026-02-04T08:40:06","slug":"politica-de-privacidad","status":"publish","type":"page","link":"https:\/\/texmexcurios.com\/es\/politica-de-privacidad\/","title":{"rendered":"Pol\u00edtica de privacidad"},"content":{"rendered":"\n<p>En Tex-Mex Curios Inc. respetamos tu privacidad y nos comprometemos a salvaguardar tu informaci\u00f3n online.<\/p>\n\n<p>Cuando compres nuestros productos y servicios, se te pedir\u00e1 que proporciones tu nombre, direcci\u00f3n de correo electr\u00f3nico y, dependiendo de tu elecci\u00f3n de pago, informaci\u00f3n personal adicional y de tu tarjeta de cr\u00e9dito.<\/p>\n\n<p>Tex-Mex Curios Inc. no alquilar\u00e1, vender\u00e1, compartir\u00e1 ni divulgar\u00e1 de ning\u00fan otro modo tu direcci\u00f3n de correo electr\u00f3nico e informaci\u00f3n personal a otro sitio web o a terceros, y los pagos con tarjeta de cr\u00e9dito a trav\u00e9s de nuestro sistema en l\u00ednea se procesan mediante un servidor seguro.<\/p>\n\n<p>La informaci\u00f3n de contacto (nombre, direcci\u00f3n y direcci\u00f3n de correo electr\u00f3nico) de estas transacciones, pero no la informaci\u00f3n de la tarjeta de cr\u00e9dito, se conserva para que podamos ponernos en contacto contigo sobre futuros cursos y recursos en l\u00ednea. Esta informaci\u00f3n nunca se compartir\u00e1 con nadie m\u00e1s. Si no quieres recibir correos electr\u00f3nicos nuestros, puedes darte de baja.  <\/p>\n\n<p>Esta Pol\u00edtica de Privacidad s\u00f3lo se aplica a texmexcurios.com y no a otros sitios web a los que enlazamos. Si sigues otro enlace u otro vendedor y realizas una compra, dicha compra estar\u00e1 sujeta a la pol\u00edtica de privacidad publicada en el sitio web del vendedor. <\/p>\n\n<p>Tex-Mex Curios Inc. siempre se comprometer\u00e1 a proteger tu privacidad<\/p>\n","protected":false},"excerpt":{"rendered":"<p>En Tex-Mex Curios Inc. respetamos tu privacidad y nos comprometemos a salvaguardar tu informaci\u00f3n online. Cuando compres nuestros productos y servicios, se te pedir\u00e1 que proporciones tu nombre, direcci\u00f3n de correo electr\u00f3nico y, dependiendo de tu elecci\u00f3n de pago, informaci\u00f3n personal adicional y de tu tarjeta de cr\u00e9dito. Tex-Mex Curios Inc. no alquilar\u00e1, vender\u00e1, compartir\u00e1&#8230;<\/p>\n","protected":false},"author":1,"featured_media":0,"parent":0,"menu_order":0,"comment_status":"closed","ping_status":"closed","template":"","meta":{"_kad_blocks_custom_css":"","_kad_blocks_head_custom_js":"","_kad_blocks_body_custom_js":"","_kad_blocks_footer_custom_js":"","_kad_post_transparent":"","_kad_post_title":"","_kad_post_layout":"","_kad_post_sidebar_id":"","_kad_post_content_style":"","_kad_post_vertical_padding":"","_kad_post_feature":"","_kad_post_feature_position":"","_kad_post_header":false,"_kad_post_footer":false,"_kad_post_classname":"","footnotes":""},"class_list":["post-17081","page","type-page","status-publish","hentry"],"taxonomy_info":[],"featured_image_src_large":false,"author_info":{"display_name":"Webmaster","author_link":"https:\/\/texmexcurios.com\/es\/author\/webmaster\/"},"comment_info":0,"_links":{"self":[{"href":"https:\/\/texmexcurios.com\/es\/wp-json\/wp\/v2\/pages\/17081","targetHints":{"allow":["GET"]}}],"collection":[{"href":"https:\/\/texmexcurios.com\/es\/wp-json\/wp\/v2\/pages"}],"about":[{"href":"https:\/\/texmexcurios.com\/es\/wp-json\/wp\/v2\/types\/page"}],"author":[{"embeddable":true,"href":"https:\/\/texmexcurios.com\/es\/wp-json\/wp\/v2\/users\/1"}],"replies":[{"embeddable":true,"href":"https:\/\/texmexcurios.com\/es\/wp-json\/wp\/v2\/comments?post=17081"}],"version-history":[{"count":0,"href":"https:\/\/texmexcurios.com\/es\/wp-json\/wp\/v2\/pages\/17081\/revisions"}],"wp:attachment":[{"href":"https:\/\/texmexcurios.com\/es\/wp-json\/wp\/v2\/media?parent=17081"}],"curies":[{"name":"wp","href":"https:\/\/api.w.org\/{rel}","templated":true}]}}